{"id":119,"date":"2023-02-01T15:34:21","date_gmt":"2023-02-01T14:34:21","guid":{"rendered":"https:\/\/sgueberruhr.de\/?page_id=119"},"modified":"2026-03-25T13:07:01","modified_gmt":"2026-03-25T12:07:01","slug":"sponsoren","status":"publish","type":"page","link":"https:\/\/sgueberruhr.de\/?page_id=119","title":{"rendered":"Sponsoren"},"content":{"rendered":"\n<p>Ein besonderer Dank geht an unsere Sponsoren. Ohne diese w\u00e4re der Handballsport in \u00dcberruhr nicht m\u00f6glich.<\/p>\n\n\n\n<figure class=\"wp-block-table animated backInDown slow\"><table><tbody><tr><td class=\"has-text-align-center\" data-align=\"center\"><img loading=\"lazy\" decoding=\"async\" width=\"150\" height=\"51\" class=\"wp-image-120\" style=\"width: 150px;\" src=\"https:\/\/sgueberruhr.de\/wp-content\/uploads\/2023\/02\/8DLIaaVCrn564AAAAASUVORK5CYII.png\" alt=\"\" srcset=\"https:\/\/sgueberruhr.de\/wp-content\/uploads\/2023\/02\/8DLIaaVCrn564AAAAASUVORK5CYII.png 385w, https:\/\/sgueberruhr.de\/wp-content\/uploads\/2023\/02\/8DLIaaVCrn564AAAAASUVORK5CYII-300x102.png 300w\" sizes=\"auto, (max-width: 150px) 100vw, 150px\" \/> <\/td><td class=\"has-text-align-center\" data-align=\"center\"><img loading=\"lazy\" decoding=\"async\" width=\"150\" height=\"125\" class=\"wp-image-122\" style=\"width: 150px;\" src=\"https:\/\/sgueberruhr.de\/wp-content\/uploads\/2023\/02\/A1C25200-401B-40B5-9810-5E85204584F7.png\" alt=\"\" srcset=\"https:\/\/sgueberruhr.de\/wp-content\/uploads\/2023\/02\/A1C25200-401B-40B5-9810-5E85204584F7.png 2000w, https:\/\/sgueberruhr.de\/wp-content\/uploads\/2023\/02\/A1C25200-401B-40B5-9810-5E85204584F7-300x251.png 300w, https:\/\/sgueberruhr.de\/wp-content\/uploads\/2023\/02\/A1C25200-401B-40B5-9810-5E85204584F7-1024x857.png 1024w, https:\/\/sgueberruhr.de\/wp-content\/uploads\/2023\/02\/A1C25200-401B-40B5-9810-5E85204584F7-768x642.png 768w, https:\/\/sgueberruhr.de\/wp-content\/uploads\/2023\/02\/A1C25200-401B-40B5-9810-5E85204584F7-1536x1285.png 1536w\" sizes=\"auto, (max-width: 150px) 100vw, 150px\" \/><\/td><\/tr><tr><td class=\"has-text-align-center\" data-align=\"center\"><img loading=\"lazy\" decoding=\"async\" width=\"150\" height=\"38\" class=\"wp-image-124\" style=\"width: 150px;\" src=\"https:\/\/sgueberruhr.de\/wp-content\/uploads\/2023\/02\/74554353-B3EE-4533-9B29-5994443E025D.png\" alt=\"\"><\/td><td class=\"has-text-align-center\" data-align=\"center\"><img loading=\"lazy\" decoding=\"async\" width=\"150\" height=\"75\" class=\"wp-image-125\" style=\"width: 150px;\" src=\"https:\/\/sgueberruhr.de\/wp-content\/uploads\/2023\/02\/4BE8B91A-D4DF-4537-A6D6-27C186DF2AFE.png\" alt=\"\"><\/td><\/tr><tr><td class=\"has-text-align-center\" data-align=\"center\"><a href=\"https:\/\/pflegeagentur24-pflegedienst.de\/\" target=\"_blank\" rel=\"noreferrer noopener\"><img loading=\"lazy\" decoding=\"async\" width=\"150\" height=\"75\" class=\"wp-image-127\" style=\"width: 150px;\" src=\"https:\/\/sgueberruhr.de\/wp-content\/uploads\/2023\/02\/6F7D263F-8924-427C-8AF7-DEC1DBEB7F43.png\" alt=\"Pflegeagentur 24 ambulanter Pflegedienst\"><\/a><\/td><td class=\"has-text-align-center\" data-align=\"center\"><img loading=\"lazy\" decoding=\"async\" width=\"150\" height=\"41\" class=\"wp-image-126\" style=\"width: 150px;\" src=\"https:\/\/sgueberruhr.de\/wp-content\/uploads\/2023\/02\/02D58FC3-A757-40F3-BCA6-39E46EDACC5F.png\" alt=\"\"><\/td><\/tr><tr><td class=\"has-text-align-center\" data-align=\"center\"><img loading=\"lazy\" decoding=\"async\" width=\"150\" height=\"75\" class=\"wp-image-128\" style=\"width: 150px;\" src=\"https:\/\/sgueberruhr.de\/wp-content\/uploads\/2023\/02\/26191DA1-4A5D-4E37-A44E-6D8BCA48EE5A.png\" alt=\"\"><\/td><td class=\"has-text-align-center\" data-align=\"center\"><img loading=\"lazy\" decoding=\"async\" width=\"150\" height=\"64\" class=\"wp-image-129\" style=\"width: 150px;\" src=\"https:\/\/sgueberruhr.de\/wp-content\/uploads\/2023\/02\/B742FB6F-3604-48E8-B6F9-9247152CBD04.png\" alt=\"\"><\/td><\/tr><tr><td class=\"has-text-align-center\" data-align=\"center\"><img loading=\"lazy\" decoding=\"async\" width=\"200\" height=\"36\" class=\"wp-image-1333\" style=\"width: 200px;\" src=\"https:\/\/sgueberruhr.de\/wp-content\/uploads\/2026\/03\/westenergie.png\" alt=\"westenergie\" srcset=\"https:\/\/sgueberruhr.de\/wp-content\/uploads\/2026\/03\/westenergie.png 788w, https:\/\/sgueberruhr.de\/wp-content\/uploads\/2026\/03\/westenergie-300x54.png 300w, https:\/\/sgueberruhr.de\/wp-content\/uploads\/2026\/03\/westenergie-768x138.png 768w\" sizes=\"auto, (max-width: 200px) 100vw, 200px\" \/><\/td><td class=\"has-text-align-center\" data-align=\"center\"><\/td><\/tr><\/tbody><\/table><\/figure>\n\n\n\n<p><\/p>\n","protected":false},"excerpt":{"rendered":"<p>Ein besonderer Dank geht an unsere Sponsoren. Ohne diese w\u00e4re der Handballsport in \u00dcberruhr nicht m\u00f6glich.<\/p>\n","protected":false},"author":1,"featured_media":0,"parent":0,"menu_order":0,"comment_status":"closed","ping_status":"closed","template":"","meta":{"neve_meta_sidebar":"","neve_meta_container":"","neve_meta_enable_content_width":"","neve_meta_content_width":0,"neve_meta_title_alignment":"","neve_meta_author_avatar":"","neve_post_elements_order":"","neve_meta_disable_header":"","neve_meta_disable_footer":"","neve_meta_disable_title":"","_themeisle_gutenberg_block_has_review":false,"footnotes":""},"class_list":["post-119","page","type-page","status-publish","hentry"],"_links":{"self":[{"href":"https:\/\/sgueberruhr.de\/index.php?rest_route=\/wp\/v2\/pages\/119","targetHints":{"allow":["GET"]}}],"collection":[{"href":"https:\/\/sgueberruhr.de\/index.php?rest_route=\/wp\/v2\/pages"}],"about":[{"href":"https:\/\/sgueberruhr.de\/index.php?rest_route=\/wp\/v2\/types\/page"}],"author":[{"embeddable":true,"href":"https:\/\/sgueberruhr.de\/index.php?rest_route=\/wp\/v2\/users\/1"}],"replies":[{"embeddable":true,"href":"https:\/\/sgueberruhr.de\/index.php?rest_route=%2Fwp%2Fv2%2Fcomments&post=119"}],"version-history":[{"count":11,"href":"https:\/\/sgueberruhr.de\/index.php?rest_route=\/wp\/v2\/pages\/119\/revisions"}],"predecessor-version":[{"id":1336,"href":"https:\/\/sgueberruhr.de\/index.php?rest_route=\/wp\/v2\/pages\/119\/revisions\/1336"}],"wp:attachment":[{"href":"https:\/\/sgueberruhr.de\/index.php?rest_route=%2Fwp%2Fv2%2Fmedia&parent=119"}],"curies":[{"name":"wp","href":"https:\/\/api.w.org\/{rel}","templated":true}]}}