{"id":1190,"date":"2025-07-29T17:58:35","date_gmt":"2025-07-29T16:58:35","guid":{"rendered":"https:\/\/sgueberruhr.de\/?page_id=1190"},"modified":"2026-03-16T16:48:54","modified_gmt":"2026-03-16T15:48:54","slug":"wd-uebersicht","status":"publish","type":"page","link":"https:\/\/sgueberruhr.de\/?page_id=1190","title":{"rendered":"wD &#8211; \u00dcbersicht"},"content":{"rendered":"\n<p class=\"has-large-font-size\">weibliche D-Jugend &#8211; Regionsoberliga<\/p>\n\n\n\n<div id=\"wp-block-themeisle-blocks-slider-27395925\" class=\"wp-block-themeisle-blocks-slider glide\" data-per-view=\"1\" data-gap=\"0\" data-peek=\"0\" data-autoplay=\"5000\" data-height=\"750px\" data-hide-arrows=\"false\"><div class=\"glide__track\" data-glide-el=\"track\"><div class=\"glide__slides\"><div class=\"wp-block-themeisle-blocks-slider-item-wrapper glide__slide\" tabindex=\"0\"><figure><img decoding=\"async\" class=\"wp-block-themeisle-blocks-slider-item\" src=\"https:\/\/sgueberruhr.de\/wp-content\/uploads\/2026\/03\/hsv-ueberruhr-wd-mannschaftsbild-02.jpeg\" alt=\"\" title=\"\" data-id=\"1310\"\/><\/figure><\/div><div class=\"wp-block-themeisle-blocks-slider-item-wrapper glide__slide\" tabindex=\"0\"><figure><img decoding=\"async\" class=\"wp-block-themeisle-blocks-slider-item\" src=\"https:\/\/sgueberruhr.de\/wp-content\/uploads\/2026\/03\/hsv-ueberruhr-wd-romy-sprungwurf.jpeg\" alt=\"\" title=\"\" data-id=\"1311\"\/><\/figure><\/div><div class=\"wp-block-themeisle-blocks-slider-item-wrapper glide__slide\" tabindex=\"0\"><figure><img decoding=\"async\" class=\"wp-block-themeisle-blocks-slider-item\" src=\"https:\/\/sgueberruhr.de\/wp-content\/uploads\/2026\/03\/hsv-ueberruhr-wd-mannschaftsbild.jpeg\" alt=\"\" title=\"\" data-id=\"1312\"\/><\/figure><\/div><div class=\"wp-block-themeisle-blocks-slider-item-wrapper glide__slide\" tabindex=\"0\"><figure><img decoding=\"async\" class=\"wp-block-themeisle-blocks-slider-item\" src=\"https:\/\/sgueberruhr.de\/wp-content\/uploads\/2025\/07\/wd-spielscene-mila-1.jpg\" alt=\"\" title=\"\" data-id=\"1192\"\/><\/figure><\/div><div class=\"wp-block-themeisle-blocks-slider-item-wrapper glide__slide\" tabindex=\"0\"><figure><img decoding=\"async\" class=\"wp-block-themeisle-blocks-slider-item\" src=\"https:\/\/sgueberruhr.de\/wp-content\/uploads\/2025\/07\/wd-beachtraining.jpg\" alt=\"\" title=\"\" data-id=\"1193\"\/><\/figure><\/div><div class=\"wp-block-themeisle-blocks-slider-item-wrapper glide__slide\" tabindex=\"0\"><figure><img decoding=\"async\" class=\"wp-block-themeisle-blocks-slider-item\" src=\"https:\/\/sgueberruhr.de\/wp-content\/uploads\/2025\/07\/wd-beachtraining-2.jpg\" alt=\"\" title=\"\" data-id=\"1194\"\/><\/figure><\/div><\/div><div class=\"glide__bullets\" data-glide-el=\"controls[nav]\"><button class=\"glide__bullet\" data-glide-dir=\"=0\"><\/button><button class=\"glide__bullet\" data-glide-dir=\"=1\"><\/button><button class=\"glide__bullet\" data-glide-dir=\"=2\"><\/button><button class=\"glide__bullet\" data-glide-dir=\"=3\"><\/button><button class=\"glide__bullet\" data-glide-dir=\"=4\"><\/button><button class=\"glide__bullet\" data-glide-dir=\"=5\"><\/button><\/div><\/div><\/div>\n\n\n\n<hr class=\"wp-block-separator has-alpha-channel-opacity\"\/>\n\n\n\n<div class=\"wp-block-columns is-layout-flex wp-container-core-columns-is-layout-9d6595d7 wp-block-columns-is-layout-flex\">\n<div class=\"wp-block-column is-layout-flow wp-block-column-is-layout-flow\" style=\"flex-basis:66.66%\">\n<p>Wir trainieren Mittwochs und Freitags mit den Jahrg\u00e4ngen 2013 und 2014 in \u00dcberruhr.<\/p>\n\n\n\n<p>Wenn Du Lust auf Handball hast oder einfach mal reinschnuppern m\u00f6chtest, bist Du herzlich willkommen.<\/p>\n\n\n\n<hr class=\"wp-block-separator has-alpha-channel-opacity\"\/>\n\n\n\n<p class=\"has-medium-font-size\">Trainerteam<\/p>\n\n\n\n<ul class=\"wp-block-list\">\n<li>Bianca Enders &#8211; bianca.enders@sgueberruhr.de &#8211; 0179\/5940922<\/li>\n<\/ul>\n\n\n\n<p>(<a href=\"https:\/\/sgueberruhr.de\/?page_id=19\">Kontakt<\/a>)<\/p>\n\n\n\n<hr class=\"wp-block-separator has-alpha-channel-opacity\"\/>\n\n\n\n<p class=\"has-medium-font-size\">Trainingszeiten<\/p>\n\n\n\n<figure class=\"wp-block-table\"><table><tbody><tr><td>Wochentag<\/td><td>Uhrzeit<\/td><td>Ort<\/td><\/tr><tr><td>Mittwoch<\/td><td>18:00 &#8211; 19:30 Uhr<\/td><td>GE\u00dc <br>Langenberger Stra\u00dfe 380, 45277 Essen<\/td><\/tr><tr><td>Freitag<\/td><td>17:00 &#8211; 18:30 Uhr<\/td><td>Klapperhalle<br>Klapperstra\u00dfe 58, 45277 Essen<\/td><\/tr><\/tbody><\/table><\/figure>\n<\/div>\n\n\n\n<div class=\"wp-block-column is-layout-flow wp-block-column-is-layout-flow\" style=\"flex-basis:33.33%\">\n<figure class=\"wp-block-image size-large\"><img loading=\"lazy\" decoding=\"async\" width=\"724\" height=\"1024\" src=\"https:\/\/sgueberruhr.de\/wp-content\/uploads\/2025\/07\/wd-wir-suchen-dich-724x1024.jpg\" alt=\"\" class=\"wp-image-1201\" srcset=\"https:\/\/sgueberruhr.de\/wp-content\/uploads\/2025\/07\/wd-wir-suchen-dich-724x1024.jpg 724w, https:\/\/sgueberruhr.de\/wp-content\/uploads\/2025\/07\/wd-wir-suchen-dich-212x300.jpg 212w, https:\/\/sgueberruhr.de\/wp-content\/uploads\/2025\/07\/wd-wir-suchen-dich-768x1086.jpg 768w, https:\/\/sgueberruhr.de\/wp-content\/uploads\/2025\/07\/wd-wir-suchen-dich-1087x1536.jpg 1087w, https:\/\/sgueberruhr.de\/wp-content\/uploads\/2025\/07\/wd-wir-suchen-dich.jpg 1415w\" sizes=\"auto, (max-width: 724px) 100vw, 724px\" \/><\/figure>\n<\/div>\n<\/div>\n\n\n\n<ul class=\"wp-block-list\">\n<li><a href=\"https:\/\/sgueberruhr.de\/?page_id=682\">News<\/a><\/li>\n<\/ul>\n\n\n\n<h2 class=\"wp-block-heading\">Spielplan<\/h2>\n\n\n\n<script>\n(function(e,t,n,r,i,s,o){e[i]=e[i]||function(){(e[i].q=e[i].q||[]).push(arguments)}, e[i].l=1*new Date;s=t.createElement(n),o=t.getElementsByTagName(n)[0];s.async=1; s.src=r;o.parentNode.insertBefore(s,o)})(window,document,\"script\", 'https:\/\/www.handball.net\/widgets\/embed\/v1.js',\"_hb\");\n<\/script>\n\n\n\n<div id=\"handball-spielplan\"><\/div>\n\n\n\n<script>\n_hb({\nwidget: 'spielplan',\nteamId: 'nuliga.hnr.1693075',\ncontainer: 'handball-spielplan'\n})\n<\/script>\n\n\n\n<h2 class=\"wp-block-heading\">Tabelle<\/h2>\n\n\n\n<script>\n(function(e,t,n,r,i,s,o){e[i]=e[i]||function(){(e[i].q=e[i].q||[]).push(arguments)}, e[i].l=1*new Date;s=t.createElement(n),o=t.getElementsByTagName(n)[0];s.async=1; s.src=r;o.parentNode.insertBefore(s,o)})(window,document,\"script\", 'https:\/\/www.handball.net\/widgets\/embed\/v1.js',\"_hb\");\n<\/script>\n\n\n\n<div id=\"handball-tabelle\"><\/div>\n\n\n\n<script>\n_hb({\nwidget: 'tabelle',\nteamId: 'nuliga.hnr.1693075',\ncontainer: 'handball-tabelle'\n})\n<\/script>\n\n\n\n<p><\/p>\n","protected":false},"excerpt":{"rendered":"<p>weibliche D-Jugend &#8211; Regionsoberliga Wir trainieren Mittwochs und Freitags mit den Jahrg\u00e4ngen 2013 und 2014 in \u00dcberruhr. Wenn Du Lust auf Handball hast oder einfach mal reinschnuppern m\u00f6chtest, bist Du&hellip;&nbsp;<a href=\"https:\/\/sgueberruhr.de\/?page_id=1190\" rel=\"bookmark\">Weiterlesen &raquo;<span class=\"screen-reader-text\">wD &#8211; \u00dcbersicht<\/span><\/a><\/p>\n","protected":false},"author":3,"featured_media":0,"parent":19,"menu_order":0,"comment_status":"closed","ping_status":"closed","template":"","meta":{"neve_meta_sidebar":"","neve_meta_container":"","neve_meta_enable_content_width":"","neve_meta_content_width":0,"neve_meta_title_alignment":"","neve_meta_author_avatar":"","neve_post_elements_order":"","neve_meta_disable_header":"","neve_meta_disable_footer":"","neve_meta_disable_title":"","_themeisle_gutenberg_block_has_review":false,"footnotes":""},"class_list":["post-1190","page","type-page","status-publish","hentry"],"_links":{"self":[{"href":"https:\/\/sgueberruhr.de\/index.php?rest_route=\/wp\/v2\/pages\/1190","targetHints":{"allow":["GET"]}}],"collection":[{"href":"https:\/\/sgueberruhr.de\/index.php?rest_route=\/wp\/v2\/pages"}],"about":[{"href":"https:\/\/sgueberruhr.de\/index.php?rest_route=\/wp\/v2\/types\/page"}],"author":[{"embeddable":true,"href":"https:\/\/sgueberruhr.de\/index.php?rest_route=\/wp\/v2\/users\/3"}],"replies":[{"embeddable":true,"href":"https:\/\/sgueberruhr.de\/index.php?rest_route=%2Fwp%2Fv2%2Fcomments&post=1190"}],"version-history":[{"count":10,"href":"https:\/\/sgueberruhr.de\/index.php?rest_route=\/wp\/v2\/pages\/1190\/revisions"}],"predecessor-version":[{"id":1314,"href":"https:\/\/sgueberruhr.de\/index.php?rest_route=\/wp\/v2\/pages\/1190\/revisions\/1314"}],"up":[{"embeddable":true,"href":"https:\/\/sgueberruhr.de\/index.php?rest_route=\/wp\/v2\/pages\/19"}],"wp:attachment":[{"href":"https:\/\/sgueberruhr.de\/index.php?rest_route=%2Fwp%2Fv2%2Fmedia&parent=1190"}],"curies":[{"name":"wp","href":"https:\/\/api.w.org\/{rel}","templated":true}]}}