{"id":1506,"date":"2026-04-27T14:48:24","date_gmt":"2026-04-27T13:48:24","guid":{"rendered":"https:\/\/sgueberruhr.de\/?page_id=1506"},"modified":"2026-04-27T14:52:14","modified_gmt":"2026-04-27T13:52:14","slug":"me-uebersicht","status":"publish","type":"page","link":"https:\/\/sgueberruhr.de\/?page_id=1506","title":{"rendered":"mE &#8211; \u00dcbersicht"},"content":{"rendered":"\n<p class=\"has-large-font-size\">m\u00e4nnliche E-Jugend<\/p>\n\n\n\n<div id=\"wp-block-themeisle-blocks-slider-350a1a6a\" class=\"wp-block-themeisle-blocks-slider glide\" data-per-view=\"1\" data-gap=\"0\" data-peek=\"0\" data-autoplay=\"true\" data-height=\"700px\" data-hide-arrows=\"false\"><div class=\"glide__track\" data-glide-el=\"track\"><div class=\"glide__slides\"><div class=\"wp-block-themeisle-blocks-slider-item-wrapper glide__slide\" tabindex=\"0\"><figure><img decoding=\"async\" class=\"wp-block-themeisle-blocks-slider-item\" src=\"https:\/\/sgueberruhr.de\/wp-content\/uploads\/2026\/03\/hsv-e-gruppenfoto-20260222.jpeg\" alt=\"\" title=\"\" data-id=\"1319\"\/><\/figure><\/div><div class=\"wp-block-themeisle-blocks-slider-item-wrapper glide__slide\" tabindex=\"0\"><figure><img decoding=\"async\" class=\"wp-block-themeisle-blocks-slider-item\" src=\"https:\/\/sgueberruhr.de\/wp-content\/uploads\/2026\/03\/hsv-me-gruppenfoto-20260228.jpeg\" alt=\"\" title=\"\" data-id=\"1315\"\/><\/figure><\/div><div class=\"wp-block-themeisle-blocks-slider-item-wrapper glide__slide\" tabindex=\"0\"><figure><img decoding=\"async\" class=\"wp-block-themeisle-blocks-slider-item\" src=\"https:\/\/sgueberruhr.de\/wp-content\/uploads\/2026\/03\/hsv-me-gruppenfoto-20260308.jpeg\" alt=\"\" title=\"\" data-id=\"1316\"\/><\/figure><\/div><div class=\"wp-block-themeisle-blocks-slider-item-wrapper glide__slide\" tabindex=\"0\"><figure><img decoding=\"async\" class=\"wp-block-themeisle-blocks-slider-item\" src=\"https:\/\/sgueberruhr.de\/wp-content\/uploads\/2026\/03\/hsv-me-gruppenfoto-20260314.jpeg\" alt=\"\" title=\"\" data-id=\"1318\"\/><\/figure><\/div><\/div><div class=\"glide__bullets\" data-glide-el=\"controls[nav]\"><button class=\"glide__bullet\" data-glide-dir=\"=0\"><\/button><button class=\"glide__bullet\" data-glide-dir=\"=1\"><\/button><button class=\"glide__bullet\" data-glide-dir=\"=2\"><\/button><button class=\"glide__bullet\" data-glide-dir=\"=3\"><\/button><\/div><\/div><\/div>\n\n\n\n<hr class=\"wp-block-separator has-alpha-channel-opacity\"\/>\n\n\n\n<p>Wir trainieren Dienstags und Freitags mit den Jahrg\u00e4ngen 2015 und 2016 in der Gesamtschule S\u00fcd oder Klapperhalle.<\/p>\n\n\n\n<p><br>Interessierte Jungen sind immer herzlich willkommen und k\u00f6nnen gerne zu einem Schnuppertraining vorbeischauen.<\/p>\n\n\n\n<hr class=\"wp-block-separator has-alpha-channel-opacity\"\/>\n\n\n\n<p>Trainerteam<\/p>\n\n\n\n<ul class=\"wp-block-list\">\n<li>Karolin Kantert<\/li>\n\n\n\n<li>Daniel Thein &#8211; daniel.thein@sgueberruhr.de &#8211; 0151\/24021467<\/li>\n\n\n\n<li>Elin Hammacher<\/li>\n\n\n\n<li>Lena Thein<\/li>\n<\/ul>\n\n\n\n<p><\/p>\n\n\n\n<p class=\"has-medium-font-size\">Trainingszeiten<\/p>\n\n\n\n<figure class=\"wp-block-table\"><table class=\"has-fixed-layout\"><tbody><tr><td><strong>Wochentag<\/strong><\/td><td><strong>Uhrzeit<\/strong><\/td><td><strong>Ort<\/strong><\/td><\/tr><tr><td>Dienstag<\/td><td>16:30 &#8211; 18:00 Uhr<\/td><td>Gesamtschule S\u00fcd<br>Frankenstra\u00dfe 200, 45134 Essen<\/td><\/tr><tr><td>Freitag<\/td><td>17:00 &#8211; 18:30 Uhr<\/td><td>Klapperhalle<br>Klapperstra\u00dfe 58, 45277 Essen<\/td><\/tr><\/tbody><\/table><\/figure>\n\n\n\n<hr class=\"wp-block-separator has-alpha-channel-opacity\"\/>\n\n\n\n<ul class=\"wp-block-list\">\n<li><a href=\"https:\/\/sgueberruhr.de\/?page_id=682\">News<\/a><\/li>\n<\/ul>\n\n\n\n<hr class=\"wp-block-separator has-alpha-channel-opacity\"\/>\n\n\n\n<div class=\"wp-block-columns is-layout-flex wp-container-core-columns-is-layout-9d6595d7 wp-block-columns-is-layout-flex\">\n<div class=\"wp-block-column is-layout-flow wp-block-column-is-layout-flow\">\n<p>mE-Jugend<\/p>\n\n\n\n<p>Spielplan<\/p>\n\n\n\n<script>\n(function(e,t,n,r,i,s,o){e[i]=e[i]||function(){(e[i].q=e[i].q||[]).push(arguments)}, e[i].l=1*new Date;s=t.createElement(n),o=t.getElementsByTagName(n)[0];s.async=1; s.src=r;o.parentNode.insertBefore(s,o)})(window,document,\"script\", 'https:\/\/www.handball.net\/widgets\/embed\/v1.js',\"_hb\");\n<\/script>\n\n\n\n<div id='handball-spielplan'><\/div>\n\n\n\n<script>\n_hb({\nwidget: 'spielplan',\nteamId: 'nuliga.hnr.1693080',\ncontainer: 'handball-spielplan'\n})\n<\/script>\n<\/div>\n<\/div>\n\n\n\n<p>Tabelle<\/p>\n\n\n\n<script>\n(function(e,t,n,r,i,s,o){e[i]=e[i]||function(){(e[i].q=e[i].q||[]).push(arguments)}, e[i].l=1*new Date;s=t.createElement(n),o=t.getElementsByTagName(n)[0];s.async=1; s.src=r;o.parentNode.insertBefore(s,o)})(window,document,\"script\", 'https:\/\/www.handball.net\/widgets\/embed\/v1.js',\"_hb\");\n<\/script>\n\n\n\n<div id='handball-tabelle'><\/div>\n\n\n\n<script>\n_hb({\nwidget: 'tabelle',\nteamId: 'nuliga.hnr.1693080',\ncontainer: 'handball-tabelle'\n})\n<\/script>\n","protected":false},"excerpt":{"rendered":"<p>m\u00e4nnliche E-Jugend Wir trainieren Dienstags und Freitags mit den Jahrg\u00e4ngen 2015 und 2016 in der Gesamtschule S\u00fcd oder Klapperhalle. Interessierte Jungen sind immer herzlich willkommen und k\u00f6nnen gerne zu einem&hellip;&nbsp;<a href=\"https:\/\/sgueberruhr.de\/?page_id=1506\" rel=\"bookmark\">Weiterlesen &raquo;<span class=\"screen-reader-text\">mE &#8211; \u00dcbersicht<\/span><\/a><\/p>\n","protected":false},"author":3,"featured_media":0,"parent":19,"menu_order":0,"comment_status":"closed","ping_status":"closed","template":"","meta":{"neve_meta_sidebar":"","neve_meta_container":"","neve_meta_enable_content_width":"","neve_meta_content_width":0,"neve_meta_title_alignment":"","neve_meta_author_avatar":"","neve_post_elements_order":"","neve_meta_disable_header":"","neve_meta_disable_footer":"","neve_meta_disable_title":"","_themeisle_gutenberg_block_has_review":false,"footnotes":""},"class_list":["post-1506","page","type-page","status-publish","hentry"],"_links":{"self":[{"href":"https:\/\/sgueberruhr.de\/index.php?rest_route=\/wp\/v2\/pages\/1506","targetHints":{"allow":["GET"]}}],"collection":[{"href":"https:\/\/sgueberruhr.de\/index.php?rest_route=\/wp\/v2\/pages"}],"about":[{"href":"https:\/\/sgueberruhr.de\/index.php?rest_route=\/wp\/v2\/types\/page"}],"author":[{"embeddable":true,"href":"https:\/\/sgueberruhr.de\/index.php?rest_route=\/wp\/v2\/users\/3"}],"replies":[{"embeddable":true,"href":"https:\/\/sgueberruhr.de\/index.php?rest_route=%2Fwp%2Fv2%2Fcomments&post=1506"}],"version-history":[{"count":4,"href":"https:\/\/sgueberruhr.de\/index.php?rest_route=\/wp\/v2\/pages\/1506\/revisions"}],"predecessor-version":[{"id":1516,"href":"https:\/\/sgueberruhr.de\/index.php?rest_route=\/wp\/v2\/pages\/1506\/revisions\/1516"}],"up":[{"embeddable":true,"href":"https:\/\/sgueberruhr.de\/index.php?rest_route=\/wp\/v2\/pages\/19"}],"wp:attachment":[{"href":"https:\/\/sgueberruhr.de\/index.php?rest_route=%2Fwp%2Fv2%2Fmedia&parent=1506"}],"curies":[{"name":"wp","href":"https:\/\/api.w.org\/{rel}","templated":true}]}}