{"id":176,"date":"2023-08-24T08:09:56","date_gmt":"2023-08-24T07:09:56","guid":{"rendered":"https:\/\/sgueberruhr.de\/?page_id=176"},"modified":"2026-05-12T13:36:09","modified_gmt":"2026-05-12T12:36:09","slug":"da1-kader","status":"publish","type":"page","link":"https:\/\/sgueberruhr.de\/?page_id=176","title":{"rendered":"1. Herren &#8211; Kader"},"content":{"rendered":"\n<p><\/p>\n\n\n\n<h2 class=\"wp-block-heading\">1. Herren &#8211; Kader<\/h2>\n\n\n\n<hr class=\"wp-block-separator has-alpha-channel-opacity\"\/>\n\n\n\n<h3 class=\"wp-block-heading\">Kreisl\u00e4ufer<\/h3>\n\n\n\n<figure class=\"wp-block-gallery has-nested-images columns-2 is-cropped wp-block-gallery-1 is-layout-flex wp-block-gallery-is-layout-flex\">\n<figure class=\"wp-block-image size-large\"><img loading=\"lazy\" decoding=\"async\" width=\"819\" height=\"1024\" data-id=\"1450\" src=\"https:\/\/sgueberruhr.de\/wp-content\/uploads\/2026\/04\/Batz-Simon-KM-819x1024.png\" alt=\"\" class=\"wp-image-1450\" srcset=\"https:\/\/sgueberruhr.de\/wp-content\/uploads\/2026\/04\/Batz-Simon-KM-819x1024.png 819w, https:\/\/sgueberruhr.de\/wp-content\/uploads\/2026\/04\/Batz-Simon-KM-240x300.png 240w, https:\/\/sgueberruhr.de\/wp-content\/uploads\/2026\/04\/Batz-Simon-KM-768x960.png 768w, https:\/\/sgueberruhr.de\/wp-content\/uploads\/2026\/04\/Batz-Simon-KM-1229x1536.png 1229w, https:\/\/sgueberruhr.de\/wp-content\/uploads\/2026\/04\/Batz-Simon-KM.png 1620w\" sizes=\"auto, (max-width: 819px) 100vw, 819px\" \/><\/figure>\n\n\n\n<figure class=\"wp-block-image size-large\"><img loading=\"lazy\" decoding=\"async\" width=\"819\" height=\"1024\" data-id=\"1464\" src=\"https:\/\/sgueberruhr.de\/wp-content\/uploads\/2026\/04\/Luc-Thielecke-KM-819x1024.png\" alt=\"\" class=\"wp-image-1464\" srcset=\"https:\/\/sgueberruhr.de\/wp-content\/uploads\/2026\/04\/Luc-Thielecke-KM-819x1024.png 819w, https:\/\/sgueberruhr.de\/wp-content\/uploads\/2026\/04\/Luc-Thielecke-KM-240x300.png 240w, https:\/\/sgueberruhr.de\/wp-content\/uploads\/2026\/04\/Luc-Thielecke-KM-768x960.png 768w, https:\/\/sgueberruhr.de\/wp-content\/uploads\/2026\/04\/Luc-Thielecke-KM-1229x1536.png 1229w, https:\/\/sgueberruhr.de\/wp-content\/uploads\/2026\/04\/Luc-Thielecke-KM.png 1620w\" sizes=\"auto, (max-width: 819px) 100vw, 819px\" \/><\/figure>\n\n\n\n<figure class=\"wp-block-image size-large\"><img loading=\"lazy\" decoding=\"async\" width=\"819\" height=\"1024\" data-id=\"1458\" src=\"https:\/\/sgueberruhr.de\/wp-content\/uploads\/2026\/04\/Kohl-Timo-KM-819x1024.png\" alt=\"\" class=\"wp-image-1458\" srcset=\"https:\/\/sgueberruhr.de\/wp-content\/uploads\/2026\/04\/Kohl-Timo-KM-819x1024.png 819w, https:\/\/sgueberruhr.de\/wp-content\/uploads\/2026\/04\/Kohl-Timo-KM-240x300.png 240w, https:\/\/sgueberruhr.de\/wp-content\/uploads\/2026\/04\/Kohl-Timo-KM-768x960.png 768w, https:\/\/sgueberruhr.de\/wp-content\/uploads\/2026\/04\/Kohl-Timo-KM-1229x1536.png 1229w, https:\/\/sgueberruhr.de\/wp-content\/uploads\/2026\/04\/Kohl-Timo-KM.png 1620w\" sizes=\"auto, (max-width: 819px) 100vw, 819px\" \/><\/figure>\n<\/figure>\n\n\n\n<div style=\"height:20px\" aria-hidden=\"true\" class=\"wp-block-spacer\"><\/div>\n\n\n\n<h3 class=\"wp-block-heading\">Au\u00dfen<\/h3>\n\n\n\n<figure class=\"wp-block-gallery has-nested-images columns-2 is-cropped wp-block-gallery-2 is-layout-flex wp-block-gallery-is-layout-flex\">\n<figure class=\"wp-block-image size-large\"><img loading=\"lazy\" decoding=\"async\" width=\"819\" height=\"1024\" data-id=\"1470\" src=\"https:\/\/sgueberruhr.de\/wp-content\/uploads\/2026\/04\/Thomas-Philipp-LA-819x1024.png\" alt=\"\" class=\"wp-image-1470\" srcset=\"https:\/\/sgueberruhr.de\/wp-content\/uploads\/2026\/04\/Thomas-Philipp-LA-819x1024.png 819w, https:\/\/sgueberruhr.de\/wp-content\/uploads\/2026\/04\/Thomas-Philipp-LA-240x300.png 240w, https:\/\/sgueberruhr.de\/wp-content\/uploads\/2026\/04\/Thomas-Philipp-LA-768x960.png 768w, https:\/\/sgueberruhr.de\/wp-content\/uploads\/2026\/04\/Thomas-Philipp-LA-1229x1536.png 1229w, https:\/\/sgueberruhr.de\/wp-content\/uploads\/2026\/04\/Thomas-Philipp-LA.png 1620w\" sizes=\"auto, (max-width: 819px) 100vw, 819px\" \/><\/figure>\n\n\n\n<figure class=\"wp-block-image size-large\"><img loading=\"lazy\" decoding=\"async\" width=\"819\" height=\"1024\" data-id=\"1463\" src=\"https:\/\/sgueberruhr.de\/wp-content\/uploads\/2026\/04\/Lorz-Paul-RA-819x1024.png\" alt=\"\" class=\"wp-image-1463\" srcset=\"https:\/\/sgueberruhr.de\/wp-content\/uploads\/2026\/04\/Lorz-Paul-RA-819x1024.png 819w, https:\/\/sgueberruhr.de\/wp-content\/uploads\/2026\/04\/Lorz-Paul-RA-240x300.png 240w, https:\/\/sgueberruhr.de\/wp-content\/uploads\/2026\/04\/Lorz-Paul-RA-768x960.png 768w, https:\/\/sgueberruhr.de\/wp-content\/uploads\/2026\/04\/Lorz-Paul-RA-1229x1536.png 1229w, https:\/\/sgueberruhr.de\/wp-content\/uploads\/2026\/04\/Lorz-Paul-RA.png 1620w\" sizes=\"auto, (max-width: 819px) 100vw, 819px\" \/><\/figure>\n\n\n\n<figure class=\"wp-block-image size-large\"><img loading=\"lazy\" decoding=\"async\" width=\"819\" height=\"1024\" data-id=\"1453\" src=\"https:\/\/sgueberruhr.de\/wp-content\/uploads\/2026\/04\/Eller-Thomas-RA-819x1024.png\" alt=\"\" class=\"wp-image-1453\" srcset=\"https:\/\/sgueberruhr.de\/wp-content\/uploads\/2026\/04\/Eller-Thomas-RA-819x1024.png 819w, https:\/\/sgueberruhr.de\/wp-content\/uploads\/2026\/04\/Eller-Thomas-RA-240x300.png 240w, https:\/\/sgueberruhr.de\/wp-content\/uploads\/2026\/04\/Eller-Thomas-RA-768x960.png 768w, https:\/\/sgueberruhr.de\/wp-content\/uploads\/2026\/04\/Eller-Thomas-RA-1229x1536.png 1229w, https:\/\/sgueberruhr.de\/wp-content\/uploads\/2026\/04\/Eller-Thomas-RA.png 1620w\" sizes=\"auto, (max-width: 819px) 100vw, 819px\" \/><\/figure>\n<\/figure>\n\n\n\n<div style=\"height:20px\" aria-hidden=\"true\" class=\"wp-block-spacer\"><\/div>\n\n\n\n<h3 class=\"wp-block-heading\">R\u00fcckraum<\/h3>\n\n\n\n<figure class=\"wp-block-gallery has-nested-images columns-2 is-cropped wp-block-gallery-3 is-layout-flex wp-block-gallery-is-layout-flex\">\n<figure class=\"wp-block-image size-large\"><img loading=\"lazy\" decoding=\"async\" width=\"819\" height=\"1024\" data-id=\"1457\" src=\"https:\/\/sgueberruhr.de\/wp-content\/uploads\/2026\/04\/Homscheid-Philipp-RL-819x1024.png\" alt=\"\" class=\"wp-image-1457\" srcset=\"https:\/\/sgueberruhr.de\/wp-content\/uploads\/2026\/04\/Homscheid-Philipp-RL-819x1024.png 819w, https:\/\/sgueberruhr.de\/wp-content\/uploads\/2026\/04\/Homscheid-Philipp-RL-240x300.png 240w, https:\/\/sgueberruhr.de\/wp-content\/uploads\/2026\/04\/Homscheid-Philipp-RL-768x960.png 768w, https:\/\/sgueberruhr.de\/wp-content\/uploads\/2026\/04\/Homscheid-Philipp-RL-1229x1536.png 1229w, https:\/\/sgueberruhr.de\/wp-content\/uploads\/2026\/04\/Homscheid-Philipp-RL.png 1620w\" sizes=\"auto, (max-width: 819px) 100vw, 819px\" \/><\/figure>\n\n\n\n<figure class=\"wp-block-image size-large\"><img loading=\"lazy\" decoding=\"async\" width=\"819\" height=\"1024\" data-id=\"1462\" src=\"https:\/\/sgueberruhr.de\/wp-content\/uploads\/2026\/04\/Kusch-Julian-RL-819x1024.png\" alt=\"\" class=\"wp-image-1462\" srcset=\"https:\/\/sgueberruhr.de\/wp-content\/uploads\/2026\/04\/Kusch-Julian-RL-819x1024.png 819w, https:\/\/sgueberruhr.de\/wp-content\/uploads\/2026\/04\/Kusch-Julian-RL-240x300.png 240w, https:\/\/sgueberruhr.de\/wp-content\/uploads\/2026\/04\/Kusch-Julian-RL-768x960.png 768w, https:\/\/sgueberruhr.de\/wp-content\/uploads\/2026\/04\/Kusch-Julian-RL-1229x1536.png 1229w, https:\/\/sgueberruhr.de\/wp-content\/uploads\/2026\/04\/Kusch-Julian-RL.png 1620w\" sizes=\"auto, (max-width: 819px) 100vw, 819px\" \/><\/figure>\n\n\n\n<figure class=\"wp-block-image size-large\"><img loading=\"lazy\" decoding=\"async\" width=\"819\" height=\"1024\" data-id=\"1456\" src=\"https:\/\/sgueberruhr.de\/wp-content\/uploads\/2026\/04\/Graef-Fabian-RA-819x1024.png\" alt=\"\" class=\"wp-image-1456\" srcset=\"https:\/\/sgueberruhr.de\/wp-content\/uploads\/2026\/04\/Graef-Fabian-RA-819x1024.png 819w, https:\/\/sgueberruhr.de\/wp-content\/uploads\/2026\/04\/Graef-Fabian-RA-240x300.png 240w, https:\/\/sgueberruhr.de\/wp-content\/uploads\/2026\/04\/Graef-Fabian-RA-768x960.png 768w, https:\/\/sgueberruhr.de\/wp-content\/uploads\/2026\/04\/Graef-Fabian-RA-1229x1536.png 1229w, https:\/\/sgueberruhr.de\/wp-content\/uploads\/2026\/04\/Graef-Fabian-RA.png 1620w\" sizes=\"auto, (max-width: 819px) 100vw, 819px\" \/><\/figure>\n\n\n\n<figure class=\"wp-block-image size-large\"><img loading=\"lazy\" decoding=\"async\" width=\"819\" height=\"1024\" data-id=\"1469\" src=\"https:\/\/sgueberruhr.de\/wp-content\/uploads\/2026\/04\/Thomas-Nils-RM-819x1024.png\" alt=\"\" class=\"wp-image-1469\" srcset=\"https:\/\/sgueberruhr.de\/wp-content\/uploads\/2026\/04\/Thomas-Nils-RM-819x1024.png 819w, https:\/\/sgueberruhr.de\/wp-content\/uploads\/2026\/04\/Thomas-Nils-RM-240x300.png 240w, https:\/\/sgueberruhr.de\/wp-content\/uploads\/2026\/04\/Thomas-Nils-RM-768x960.png 768w, https:\/\/sgueberruhr.de\/wp-content\/uploads\/2026\/04\/Thomas-Nils-RM-1229x1536.png 1229w, https:\/\/sgueberruhr.de\/wp-content\/uploads\/2026\/04\/Thomas-Nils-RM.png 1620w\" sizes=\"auto, (max-width: 819px) 100vw, 819px\" \/><\/figure>\n\n\n\n<figure class=\"wp-block-image size-large\"><img loading=\"lazy\" decoding=\"async\" width=\"819\" height=\"1024\" data-id=\"1467\" src=\"https:\/\/sgueberruhr.de\/wp-content\/uploads\/2026\/04\/Schiffmann-Jan-RL-819x1024.png\" alt=\"\" class=\"wp-image-1467\" srcset=\"https:\/\/sgueberruhr.de\/wp-content\/uploads\/2026\/04\/Schiffmann-Jan-RL-819x1024.png 819w, https:\/\/sgueberruhr.de\/wp-content\/uploads\/2026\/04\/Schiffmann-Jan-RL-240x300.png 240w, https:\/\/sgueberruhr.de\/wp-content\/uploads\/2026\/04\/Schiffmann-Jan-RL-768x960.png 768w, https:\/\/sgueberruhr.de\/wp-content\/uploads\/2026\/04\/Schiffmann-Jan-RL-1229x1536.png 1229w, https:\/\/sgueberruhr.de\/wp-content\/uploads\/2026\/04\/Schiffmann-Jan-RL.png 1620w\" sizes=\"auto, (max-width: 819px) 100vw, 819px\" \/><\/figure>\n\n\n\n<figure class=\"wp-block-image size-large\"><img loading=\"lazy\" decoding=\"async\" width=\"819\" height=\"1024\" data-id=\"1471\" src=\"https:\/\/sgueberruhr.de\/wp-content\/uploads\/2026\/04\/van-der-Heuvel-Tom-RR-819x1024.png\" alt=\"\" class=\"wp-image-1471\" srcset=\"https:\/\/sgueberruhr.de\/wp-content\/uploads\/2026\/04\/van-der-Heuvel-Tom-RR-819x1024.png 819w, https:\/\/sgueberruhr.de\/wp-content\/uploads\/2026\/04\/van-der-Heuvel-Tom-RR-240x300.png 240w, https:\/\/sgueberruhr.de\/wp-content\/uploads\/2026\/04\/van-der-Heuvel-Tom-RR-768x960.png 768w, https:\/\/sgueberruhr.de\/wp-content\/uploads\/2026\/04\/van-der-Heuvel-Tom-RR-1229x1536.png 1229w, https:\/\/sgueberruhr.de\/wp-content\/uploads\/2026\/04\/van-der-Heuvel-Tom-RR.png 1620w\" sizes=\"auto, (max-width: 819px) 100vw, 819px\" \/><\/figure>\n\n\n\n<figure class=\"wp-block-image size-large\"><img loading=\"lazy\" decoding=\"async\" width=\"819\" height=\"1024\" data-id=\"1466\" src=\"https:\/\/sgueberruhr.de\/wp-content\/uploads\/2026\/04\/Reimann-Max-RM-819x1024.png\" alt=\"\" class=\"wp-image-1466\" srcset=\"https:\/\/sgueberruhr.de\/wp-content\/uploads\/2026\/04\/Reimann-Max-RM-819x1024.png 819w, https:\/\/sgueberruhr.de\/wp-content\/uploads\/2026\/04\/Reimann-Max-RM-240x300.png 240w, https:\/\/sgueberruhr.de\/wp-content\/uploads\/2026\/04\/Reimann-Max-RM-768x960.png 768w, https:\/\/sgueberruhr.de\/wp-content\/uploads\/2026\/04\/Reimann-Max-RM-1229x1536.png 1229w, https:\/\/sgueberruhr.de\/wp-content\/uploads\/2026\/04\/Reimann-Max-RM.png 1620w\" sizes=\"auto, (max-width: 819px) 100vw, 819px\" \/><\/figure>\n\n\n\n<figure class=\"wp-block-image size-large\"><img loading=\"lazy\" decoding=\"async\" width=\"819\" height=\"1024\" data-id=\"1465\" src=\"https:\/\/sgueberruhr.de\/wp-content\/uploads\/2026\/04\/Reimann-Florian-RM-819x1024.png\" alt=\"\" class=\"wp-image-1465\" srcset=\"https:\/\/sgueberruhr.de\/wp-content\/uploads\/2026\/04\/Reimann-Florian-RM-819x1024.png 819w, https:\/\/sgueberruhr.de\/wp-content\/uploads\/2026\/04\/Reimann-Florian-RM-240x300.png 240w, https:\/\/sgueberruhr.de\/wp-content\/uploads\/2026\/04\/Reimann-Florian-RM-768x960.png 768w, https:\/\/sgueberruhr.de\/wp-content\/uploads\/2026\/04\/Reimann-Florian-RM-1229x1536.png 1229w, https:\/\/sgueberruhr.de\/wp-content\/uploads\/2026\/04\/Reimann-Florian-RM.png 1620w\" sizes=\"auto, (max-width: 819px) 100vw, 819px\" \/><\/figure>\n<\/figure>\n\n\n\n<div style=\"height:20px\" aria-hidden=\"true\" class=\"wp-block-spacer\"><\/div>\n\n\n\n<h2 class=\"wp-block-heading\">TWs<\/h2>\n\n\n\n<figure class=\"wp-block-gallery has-nested-images columns-2 is-cropped wp-block-gallery-4 is-layout-flex wp-block-gallery-is-layout-flex\">\n<figure class=\"wp-block-image size-large\"><img loading=\"lazy\" decoding=\"async\" width=\"819\" height=\"1024\" data-id=\"1454\" src=\"https:\/\/sgueberruhr.de\/wp-content\/uploads\/2026\/04\/Gottemeier-Lorenz-TW-819x1024.png\" alt=\"\" class=\"wp-image-1454\" srcset=\"https:\/\/sgueberruhr.de\/wp-content\/uploads\/2026\/04\/Gottemeier-Lorenz-TW-819x1024.png 819w, https:\/\/sgueberruhr.de\/wp-content\/uploads\/2026\/04\/Gottemeier-Lorenz-TW-240x300.png 240w, https:\/\/sgueberruhr.de\/wp-content\/uploads\/2026\/04\/Gottemeier-Lorenz-TW-768x960.png 768w, https:\/\/sgueberruhr.de\/wp-content\/uploads\/2026\/04\/Gottemeier-Lorenz-TW-1229x1536.png 1229w, https:\/\/sgueberruhr.de\/wp-content\/uploads\/2026\/04\/Gottemeier-Lorenz-TW.png 1620w\" sizes=\"auto, (max-width: 819px) 100vw, 819px\" \/><\/figure>\n\n\n\n<figure class=\"wp-block-image size-large\"><img loading=\"lazy\" decoding=\"async\" width=\"819\" height=\"1024\" data-id=\"1459\" src=\"https:\/\/sgueberruhr.de\/wp-content\/uploads\/2026\/04\/Kuklok-Alex-TW-819x1024.png\" alt=\"\" class=\"wp-image-1459\" srcset=\"https:\/\/sgueberruhr.de\/wp-content\/uploads\/2026\/04\/Kuklok-Alex-TW-819x1024.png 819w, https:\/\/sgueberruhr.de\/wp-content\/uploads\/2026\/04\/Kuklok-Alex-TW-240x300.png 240w, https:\/\/sgueberruhr.de\/wp-content\/uploads\/2026\/04\/Kuklok-Alex-TW-768x960.png 768w, https:\/\/sgueberruhr.de\/wp-content\/uploads\/2026\/04\/Kuklok-Alex-TW-1229x1536.png 1229w, https:\/\/sgueberruhr.de\/wp-content\/uploads\/2026\/04\/Kuklok-Alex-TW.png 1620w\" sizes=\"auto, (max-width: 819px) 100vw, 819px\" \/><\/figure>\n\n\n\n<figure class=\"wp-block-image size-large\"><img loading=\"lazy\" decoding=\"async\" width=\"819\" height=\"1024\" data-id=\"1461\" src=\"https:\/\/sgueberruhr.de\/wp-content\/uploads\/2026\/04\/Kundt-Florian-TW-819x1024.png\" alt=\"\" class=\"wp-image-1461\" srcset=\"https:\/\/sgueberruhr.de\/wp-content\/uploads\/2026\/04\/Kundt-Florian-TW-819x1024.png 819w, https:\/\/sgueberruhr.de\/wp-content\/uploads\/2026\/04\/Kundt-Florian-TW-240x300.png 240w, https:\/\/sgueberruhr.de\/wp-content\/uploads\/2026\/04\/Kundt-Florian-TW-768x960.png 768w, https:\/\/sgueberruhr.de\/wp-content\/uploads\/2026\/04\/Kundt-Florian-TW-1229x1536.png 1229w, https:\/\/sgueberruhr.de\/wp-content\/uploads\/2026\/04\/Kundt-Florian-TW.png 1620w\" sizes=\"auto, (max-width: 819px) 100vw, 819px\" \/><\/figure>\n\n\n\n<figure class=\"wp-block-image size-large\"><img loading=\"lazy\" decoding=\"async\" width=\"819\" height=\"1024\" data-id=\"1452\" src=\"https:\/\/sgueberruhr.de\/wp-content\/uploads\/2026\/04\/Cagliesi-Remo-TW-819x1024.png\" alt=\"\" class=\"wp-image-1452\" srcset=\"https:\/\/sgueberruhr.de\/wp-content\/uploads\/2026\/04\/Cagliesi-Remo-TW-819x1024.png 819w, https:\/\/sgueberruhr.de\/wp-content\/uploads\/2026\/04\/Cagliesi-Remo-TW-240x300.png 240w, https:\/\/sgueberruhr.de\/wp-content\/uploads\/2026\/04\/Cagliesi-Remo-TW-768x960.png 768w, https:\/\/sgueberruhr.de\/wp-content\/uploads\/2026\/04\/Cagliesi-Remo-TW-1229x1536.png 1229w, https:\/\/sgueberruhr.de\/wp-content\/uploads\/2026\/04\/Cagliesi-Remo-TW.png 1620w\" sizes=\"auto, (max-width: 819px) 100vw, 819px\" \/><\/figure>\n<\/figure>\n\n\n\n<div style=\"height:20px\" aria-hidden=\"true\" class=\"wp-block-spacer\"><\/div>\n\n\n\n<h2 class=\"wp-block-heading\">Trainerteam<\/h2>\n\n\n\n<figure class=\"wp-block-gallery has-nested-images columns-default is-cropped wp-block-gallery-5 is-layout-flex wp-block-gallery-is-layout-flex\">\n<figure class=\"wp-block-image size-large\"><img loading=\"lazy\" decoding=\"async\" width=\"819\" height=\"1024\" data-id=\"1451\" src=\"https:\/\/sgueberruhr.de\/wp-content\/uploads\/2026\/04\/Buelten-Rene-819x1024.png\" alt=\"\" class=\"wp-image-1451\" srcset=\"https:\/\/sgueberruhr.de\/wp-content\/uploads\/2026\/04\/Buelten-Rene-819x1024.png 819w, https:\/\/sgueberruhr.de\/wp-content\/uploads\/2026\/04\/Buelten-Rene-240x300.png 240w, https:\/\/sgueberruhr.de\/wp-content\/uploads\/2026\/04\/Buelten-Rene-768x960.png 768w, https:\/\/sgueberruhr.de\/wp-content\/uploads\/2026\/04\/Buelten-Rene-1229x1536.png 1229w, https:\/\/sgueberruhr.de\/wp-content\/uploads\/2026\/04\/Buelten-Rene.png 1620w\" sizes=\"auto, (max-width: 819px) 100vw, 819px\" \/><\/figure>\n\n\n\n<figure class=\"wp-block-image size-large\"><img loading=\"lazy\" decoding=\"async\" width=\"819\" height=\"1024\" data-id=\"1468\" src=\"https:\/\/sgueberruhr.de\/wp-content\/uploads\/2026\/04\/Schmaeing-Moritz-819x1024.png\" alt=\"\" class=\"wp-image-1468\" srcset=\"https:\/\/sgueberruhr.de\/wp-content\/uploads\/2026\/04\/Schmaeing-Moritz-819x1024.png 819w, https:\/\/sgueberruhr.de\/wp-content\/uploads\/2026\/04\/Schmaeing-Moritz-240x300.png 240w, https:\/\/sgueberruhr.de\/wp-content\/uploads\/2026\/04\/Schmaeing-Moritz-768x960.png 768w, https:\/\/sgueberruhr.de\/wp-content\/uploads\/2026\/04\/Schmaeing-Moritz-1229x1536.png 1229w, https:\/\/sgueberruhr.de\/wp-content\/uploads\/2026\/04\/Schmaeing-Moritz.png 1620w\" sizes=\"auto, (max-width: 819px) 100vw, 819px\" \/><\/figure>\n<\/figure>\n","protected":false},"excerpt":{"rendered":"<p>1. Herren &#8211; Kader Kreisl\u00e4ufer Au\u00dfen R\u00fcckraum TWs Trainerteam<\/p>\n","protected":false},"author":1,"featured_media":0,"parent":230,"menu_order":0,"comment_status":"closed","ping_status":"closed","template":"","meta":{"neve_meta_sidebar":"","neve_meta_container":"","neve_meta_enable_content_width":"","neve_meta_content_width":0,"neve_meta_title_alignment":"","neve_meta_author_avatar":"","neve_post_elements_order":"","neve_meta_disable_header":"","neve_meta_disable_footer":"","neve_meta_disable_title":"","_themeisle_gutenberg_block_has_review":false,"footnotes":""},"class_list":["post-176","page","type-page","status-publish","hentry"],"_links":{"self":[{"href":"https:\/\/sgueberruhr.de\/index.php?rest_route=\/wp\/v2\/pages\/176","targetHints":{"allow":["GET"]}}],"collection":[{"href":"https:\/\/sgueberruhr.de\/index.php?rest_route=\/wp\/v2\/pages"}],"about":[{"href":"https:\/\/sgueberruhr.de\/index.php?rest_route=\/wp\/v2\/types\/page"}],"author":[{"embeddable":true,"href":"https:\/\/sgueberruhr.de\/index.php?rest_route=\/wp\/v2\/users\/1"}],"replies":[{"embeddable":true,"href":"https:\/\/sgueberruhr.de\/index.php?rest_route=%2Fwp%2Fv2%2Fcomments&post=176"}],"version-history":[{"count":23,"href":"https:\/\/sgueberruhr.de\/index.php?rest_route=\/wp\/v2\/pages\/176\/revisions"}],"predecessor-version":[{"id":1599,"href":"https:\/\/sgueberruhr.de\/index.php?rest_route=\/wp\/v2\/pages\/176\/revisions\/1599"}],"up":[{"embeddable":true,"href":"https:\/\/sgueberruhr.de\/index.php?rest_route=\/wp\/v2\/pages\/230"}],"wp:attachment":[{"href":"https:\/\/sgueberruhr.de\/index.php?rest_route=%2Fwp%2Fv2%2Fmedia&parent=176"}],"curies":[{"name":"wp","href":"https:\/\/api.w.org\/{rel}","templated":true}]}}