{"id":213,"date":"2023-08-24T09:36:44","date_gmt":"2023-08-24T08:36:44","guid":{"rendered":"https:\/\/sgueberruhr.de\/?page_id=213"},"modified":"2023-08-24T09:58:09","modified_gmt":"2023-08-24T08:58:09","slug":"hallen","status":"publish","type":"page","link":"https:\/\/sgueberruhr.de\/?page_id=213","title":{"rendered":"Hallen\/Anfahrt"},"content":{"rendered":"\n<figure class=\"wp-block-table\"><table><tbody><tr><td><strong>Halle<\/strong><\/td><td><strong>Adresse<\/strong><\/td><\/tr><tr><td>Sporthalle Klapperstra\u00dfe<\/td><td>Klapperstra\u00dfe 58, 45277 Essen<\/td><\/tr><tr><td><\/td><td><\/td><\/tr><tr><td>Sporthalle Langenberger<br>(Sporthalle Gymnasium Essen-\u00dcberruhr)<\/td><td>Langenberger Str. 380, 45277 Essen<\/td><\/tr><tr><td>Sporthalle Raumerstra\u00dfe<br>(St\u00e4dt. Sporthalle Raumer-Halle)<\/td><td>Raumerstra\u00dfe 57, 45144 Essen<\/td><\/tr><tr><td>Sporthalle Prinzenstra\u00dfe<\/td><td>Prinzenstra\u00dfe 44, 45355 Essen<\/td><\/tr><tr><td>Sporthalle Bl\u00fccherstra\u00dfe<br>(Bildungspark Essen)<\/td><td>Altenessener Str. 86, 45326 Essen<\/td><\/tr><tr><td>Sporthalle Haedencampstra\u00dfe<\/td><td>Haedenkampstra\u00dfe 72, 45143 Essen<\/td><\/tr><tr><td>Sporthalle Krausen B\u00e4umchen<\/td><td><\/td><\/tr><tr><td>Sporthalle Wolfskuhle<br>(Gymnasium an der Wolfskuhle)<\/td><td>Pinxtenweg 8, 45276 Essen<\/td><\/tr><\/tbody><\/table><\/figure>\n\n\n\n<p><\/p>\n","protected":false},"excerpt":{"rendered":"<p>Halle Adresse Sporthalle Klapperstra\u00dfe Klapperstra\u00dfe 58, 45277 Essen Sporthalle Langenberger(Sporthalle Gymnasium Essen-\u00dcberruhr) Langenberger Str. 380, 45277 Essen Sporthalle Raumerstra\u00dfe(St\u00e4dt. Sporthalle Raumer-Halle) Raumerstra\u00dfe 57, 45144 Essen Sporthalle Prinzenstra\u00dfe Prinzenstra\u00dfe 44, 45355&hellip;&nbsp;<a href=\"https:\/\/sgueberruhr.de\/?page_id=213\" rel=\"bookmark\">Weiterlesen &raquo;<span class=\"screen-reader-text\">Hallen\/Anfahrt<\/span><\/a><\/p>\n","protected":false},"author":1,"featured_media":0,"parent":0,"menu_order":0,"comment_status":"closed","ping_status":"closed","template":"","meta":{"neve_meta_sidebar":"","neve_meta_container":"","neve_meta_enable_content_width":"","neve_meta_content_width":0,"neve_meta_title_alignment":"","neve_meta_author_avatar":"","neve_post_elements_order":"","neve_meta_disable_header":"","neve_meta_disable_footer":"","neve_meta_disable_title":"","_themeisle_gutenberg_block_has_review":false,"footnotes":""},"class_list":["post-213","page","type-page","status-publish","hentry"],"_links":{"self":[{"href":"https:\/\/sgueberruhr.de\/index.php?rest_route=\/wp\/v2\/pages\/213","targetHints":{"allow":["GET"]}}],"collection":[{"href":"https:\/\/sgueberruhr.de\/index.php?rest_route=\/wp\/v2\/pages"}],"about":[{"href":"https:\/\/sgueberruhr.de\/index.php?rest_route=\/wp\/v2\/types\/page"}],"author":[{"embeddable":true,"href":"https:\/\/sgueberruhr.de\/index.php?rest_route=\/wp\/v2\/users\/1"}],"replies":[{"embeddable":true,"href":"https:\/\/sgueberruhr.de\/index.php?rest_route=%2Fwp%2Fv2%2Fcomments&post=213"}],"version-history":[{"count":8,"href":"https:\/\/sgueberruhr.de\/index.php?rest_route=\/wp\/v2\/pages\/213\/revisions"}],"predecessor-version":[{"id":227,"href":"https:\/\/sgueberruhr.de\/index.php?rest_route=\/wp\/v2\/pages\/213\/revisions\/227"}],"wp:attachment":[{"href":"https:\/\/sgueberruhr.de\/index.php?rest_route=%2Fwp%2Fv2%2Fmedia&parent=213"}],"curies":[{"name":"wp","href":"https:\/\/api.w.org\/{rel}","templated":true}]}}