{"id":468,"date":"2023-09-25T08:13:42","date_gmt":"2023-09-25T07:13:42","guid":{"rendered":"https:\/\/sgueberruhr.de\/?page_id=468"},"modified":"2023-11-23T22:33:41","modified_gmt":"2023-11-23T21:33:41","slug":"2-damen-kader","status":"publish","type":"page","link":"https:\/\/sgueberruhr.de\/?page_id=468","title":{"rendered":"2. Damen &#8211; Kader"},"content":{"rendered":"\n<p><\/p>\n\n\n\n<h2 class=\"wp-block-heading\">2. Damen &#8211; Kader<\/h2>\n\n\n\n<hr class=\"wp-block-separator has-alpha-channel-opacity\"\/>\n\n\n\n<h3 class=\"wp-block-heading\">Kreisl\u00e4ufer<\/h3>\n\n\n\n<div class=\"wp-block-columns is-layout-flex wp-container-core-columns-is-layout-9d6595d7 wp-block-columns-is-layout-flex\">\n<div class=\"wp-block-column is-layout-flow wp-block-column-is-layout-flow\">\n<figure class=\"wp-block-image size-large\"><img loading=\"lazy\" decoding=\"async\" width=\"768\" height=\"1024\" src=\"https:\/\/sgueberruhr.de\/wp-content\/uploads\/2023\/09\/chantal-koestler-768x1024.jpg\" alt=\"\" class=\"wp-image-469\" srcset=\"https:\/\/sgueberruhr.de\/wp-content\/uploads\/2023\/09\/chantal-koestler-768x1024.jpg 768w, https:\/\/sgueberruhr.de\/wp-content\/uploads\/2023\/09\/chantal-koestler-225x300.jpg 225w, https:\/\/sgueberruhr.de\/wp-content\/uploads\/2023\/09\/chantal-koestler-1152x1536.jpg 1152w, https:\/\/sgueberruhr.de\/wp-content\/uploads\/2023\/09\/chantal-koestler.jpg 1200w\" sizes=\"auto, (max-width: 768px) 100vw, 768px\" \/><\/figure>\n\n\n\n<h4 class=\"wp-block-heading has-text-align-center\">Chantal<br>K\u00f6stler<\/h4>\n\n\n\n<p class=\"has-text-align-center\">#9 KM<\/p>\n<\/div>\n\n\n\n<div class=\"wp-block-column is-layout-flow wp-block-column-is-layout-flow\">\n<figure class=\"wp-block-image size-large\"><img loading=\"lazy\" decoding=\"async\" width=\"768\" height=\"1024\" src=\"https:\/\/sgueberruhr.de\/wp-content\/uploads\/2023\/09\/michaela-honnete-768x1024.jpg\" alt=\"\" class=\"wp-image-470\" srcset=\"https:\/\/sgueberruhr.de\/wp-content\/uploads\/2023\/09\/michaela-honnete-768x1024.jpg 768w, https:\/\/sgueberruhr.de\/wp-content\/uploads\/2023\/09\/michaela-honnete-225x300.jpg 225w, https:\/\/sgueberruhr.de\/wp-content\/uploads\/2023\/09\/michaela-honnete-1152x1536.jpg 1152w, https:\/\/sgueberruhr.de\/wp-content\/uploads\/2023\/09\/michaela-honnete.jpg 1200w\" sizes=\"auto, (max-width: 768px) 100vw, 768px\" \/><\/figure>\n\n\n\n<h4 class=\"wp-block-heading has-text-align-center\">Michaela<br>Honnete<\/h4>\n\n\n\n<p class=\"has-text-align-center\">#15 KM<\/p>\n<\/div>\n\n\n\n<div class=\"wp-block-column is-layout-flow wp-block-column-is-layout-flow\">\n<figure class=\"wp-block-image size-large\"><img loading=\"lazy\" decoding=\"async\" width=\"768\" height=\"1024\" src=\"https:\/\/sgueberruhr.de\/wp-content\/uploads\/2023\/09\/sarah-sous-768x1024.jpg\" alt=\"\" class=\"wp-image-471\" srcset=\"https:\/\/sgueberruhr.de\/wp-content\/uploads\/2023\/09\/sarah-sous-768x1024.jpg 768w, https:\/\/sgueberruhr.de\/wp-content\/uploads\/2023\/09\/sarah-sous-225x300.jpg 225w, https:\/\/sgueberruhr.de\/wp-content\/uploads\/2023\/09\/sarah-sous-1152x1536.jpg 1152w, https:\/\/sgueberruhr.de\/wp-content\/uploads\/2023\/09\/sarah-sous.jpg 1200w\" sizes=\"auto, (max-width: 768px) 100vw, 768px\" \/><\/figure>\n\n\n\n<h4 class=\"wp-block-heading has-text-align-center\">Sarah<br>Sous<\/h4>\n\n\n\n<p class=\"has-text-align-center\">#10 KM<\/p>\n<\/div>\n\n\n\n<div class=\"wp-block-column is-layout-flow wp-block-column-is-layout-flow\">\n<h4 class=\"wp-block-heading has-text-align-center\"><\/h4>\n<\/div>\n<\/div>\n\n\n\n<h3 class=\"wp-block-heading\">Au\u00dfen<\/h3>\n\n\n\n<div class=\"wp-block-columns is-layout-flex wp-container-core-columns-is-layout-9d6595d7 wp-block-columns-is-layout-flex\">\n<div class=\"wp-block-column is-layout-flow wp-block-column-is-layout-flow\">\n<figure class=\"wp-block-image size-large\"><img loading=\"lazy\" decoding=\"async\" width=\"768\" height=\"1024\" src=\"https:\/\/sgueberruhr.de\/wp-content\/uploads\/2023\/09\/anna-tex-768x1024.jpg\" alt=\"\" class=\"wp-image-472\" srcset=\"https:\/\/sgueberruhr.de\/wp-content\/uploads\/2023\/09\/anna-tex-768x1024.jpg 768w, https:\/\/sgueberruhr.de\/wp-content\/uploads\/2023\/09\/anna-tex-225x300.jpg 225w, https:\/\/sgueberruhr.de\/wp-content\/uploads\/2023\/09\/anna-tex-1152x1536.jpg 1152w, https:\/\/sgueberruhr.de\/wp-content\/uploads\/2023\/09\/anna-tex.jpg 1200w\" sizes=\"auto, (max-width: 768px) 100vw, 768px\" \/><\/figure>\n\n\n\n<h4 class=\"wp-block-heading has-text-align-center\">Anna<br>Tex<\/h4>\n\n\n\n<p class=\"has-text-align-center\">#5 LA<\/p>\n<\/div>\n\n\n\n<div class=\"wp-block-column is-layout-flow wp-block-column-is-layout-flow\">\n<figure class=\"wp-block-image size-large\"><img loading=\"lazy\" decoding=\"async\" width=\"768\" height=\"1024\" src=\"https:\/\/sgueberruhr.de\/wp-content\/uploads\/2023\/09\/fiona-koester-768x1024.jpg\" alt=\"\" class=\"wp-image-473\" srcset=\"https:\/\/sgueberruhr.de\/wp-content\/uploads\/2023\/09\/fiona-koester-768x1024.jpg 768w, https:\/\/sgueberruhr.de\/wp-content\/uploads\/2023\/09\/fiona-koester-225x300.jpg 225w, https:\/\/sgueberruhr.de\/wp-content\/uploads\/2023\/09\/fiona-koester-1152x1536.jpg 1152w, https:\/\/sgueberruhr.de\/wp-content\/uploads\/2023\/09\/fiona-koester.jpg 1200w\" sizes=\"auto, (max-width: 768px) 100vw, 768px\" \/><\/figure>\n\n\n\n<h4 class=\"wp-block-heading has-text-align-center\">Fiona<br>K\u00f6ster<\/h4>\n\n\n\n<p class=\"has-text-align-center\">#22 LA\/RA<\/p>\n<\/div>\n\n\n\n<div class=\"wp-block-column is-layout-flow wp-block-column-is-layout-flow\">\n<figure class=\"wp-block-image size-large\"><img loading=\"lazy\" decoding=\"async\" width=\"768\" height=\"1024\" src=\"https:\/\/sgueberruhr.de\/wp-content\/uploads\/2023\/09\/hanna-spengler-768x1024.jpg\" alt=\"\" class=\"wp-image-474\" srcset=\"https:\/\/sgueberruhr.de\/wp-content\/uploads\/2023\/09\/hanna-spengler-768x1024.jpg 768w, https:\/\/sgueberruhr.de\/wp-content\/uploads\/2023\/09\/hanna-spengler-225x300.jpg 225w, https:\/\/sgueberruhr.de\/wp-content\/uploads\/2023\/09\/hanna-spengler-1152x1536.jpg 1152w, https:\/\/sgueberruhr.de\/wp-content\/uploads\/2023\/09\/hanna-spengler.jpg 1200w\" sizes=\"auto, (max-width: 768px) 100vw, 768px\" \/><\/figure>\n\n\n\n<h4 class=\"wp-block-heading has-text-align-center\">Hannah<br>Spengler<\/h4>\n\n\n\n<p class=\"has-text-align-center\">#17 RA<\/p>\n<\/div>\n\n\n\n<div class=\"wp-block-column is-layout-flow wp-block-column-is-layout-flow\"><\/div>\n<\/div>\n\n\n\n<h3 class=\"wp-block-heading\">R\u00fcckraum<\/h3>\n\n\n\n<div class=\"wp-block-columns is-layout-flex wp-container-core-columns-is-layout-9d6595d7 wp-block-columns-is-layout-flex\">\n<div class=\"wp-block-column is-layout-flow wp-block-column-is-layout-flow\">\n<figure class=\"wp-block-image size-large\"><img loading=\"lazy\" decoding=\"async\" width=\"768\" height=\"1024\" src=\"https:\/\/sgueberruhr.de\/wp-content\/uploads\/2023\/09\/joana-hinz-768x1024.jpg\" alt=\"\" class=\"wp-image-475\" srcset=\"https:\/\/sgueberruhr.de\/wp-content\/uploads\/2023\/09\/joana-hinz-768x1024.jpg 768w, https:\/\/sgueberruhr.de\/wp-content\/uploads\/2023\/09\/joana-hinz-225x300.jpg 225w, https:\/\/sgueberruhr.de\/wp-content\/uploads\/2023\/09\/joana-hinz-1152x1536.jpg 1152w, https:\/\/sgueberruhr.de\/wp-content\/uploads\/2023\/09\/joana-hinz.jpg 1200w\" sizes=\"auto, (max-width: 768px) 100vw, 768px\" \/><\/figure>\n\n\n\n<h4 class=\"wp-block-heading has-text-align-center\">Joana<br>Hinz<\/h4>\n\n\n\n<p class=\"has-text-align-center\">#12 R\u00fcckraum<\/p>\n<\/div>\n\n\n\n<div class=\"wp-block-column is-layout-flow wp-block-column-is-layout-flow\">\n<figure class=\"wp-block-image size-large\"><img loading=\"lazy\" decoding=\"async\" width=\"768\" height=\"1024\" src=\"https:\/\/sgueberruhr.de\/wp-content\/uploads\/2023\/09\/inga-neinhuis-768x1024.jpg\" alt=\"\" class=\"wp-image-476\" srcset=\"https:\/\/sgueberruhr.de\/wp-content\/uploads\/2023\/09\/inga-neinhuis-768x1024.jpg 768w, https:\/\/sgueberruhr.de\/wp-content\/uploads\/2023\/09\/inga-neinhuis-225x300.jpg 225w, https:\/\/sgueberruhr.de\/wp-content\/uploads\/2023\/09\/inga-neinhuis-1152x1536.jpg 1152w, https:\/\/sgueberruhr.de\/wp-content\/uploads\/2023\/09\/inga-neinhuis.jpg 1200w\" sizes=\"auto, (max-width: 768px) 100vw, 768px\" \/><\/figure>\n\n\n\n<h4 class=\"wp-block-heading has-text-align-center\">Inga<br>Neinhuis<\/h4>\n\n\n\n<p class=\"has-text-align-center\">#11 R\u00fcckraum<\/p>\n<\/div>\n\n\n\n<div class=\"wp-block-column is-layout-flow wp-block-column-is-layout-flow\">\n<figure class=\"wp-block-image size-large\"><img loading=\"lazy\" decoding=\"async\" width=\"768\" height=\"1024\" src=\"https:\/\/sgueberruhr.de\/wp-content\/uploads\/2023\/09\/lea-gardeik-768x1024.jpg\" alt=\"\" class=\"wp-image-477\" srcset=\"https:\/\/sgueberruhr.de\/wp-content\/uploads\/2023\/09\/lea-gardeik-768x1024.jpg 768w, https:\/\/sgueberruhr.de\/wp-content\/uploads\/2023\/09\/lea-gardeik-225x300.jpg 225w, https:\/\/sgueberruhr.de\/wp-content\/uploads\/2023\/09\/lea-gardeik-1152x1536.jpg 1152w, https:\/\/sgueberruhr.de\/wp-content\/uploads\/2023\/09\/lea-gardeik.jpg 1200w\" sizes=\"auto, (max-width: 768px) 100vw, 768px\" \/><\/figure>\n\n\n\n<h4 class=\"wp-block-heading has-text-align-center\">Lea<br>Gardeik<\/h4>\n\n\n\n<p class=\"has-text-align-center\">#20 R\u00fcckraum<\/p>\n<\/div>\n\n\n\n<div class=\"wp-block-column is-layout-flow wp-block-column-is-layout-flow\">\n<h4 class=\"wp-block-heading has-text-align-center\"><\/h4>\n<\/div>\n<\/div>\n\n\n\n<div class=\"wp-block-columns is-layout-flex wp-container-core-columns-is-layout-9d6595d7 wp-block-columns-is-layout-flex\">\n<div class=\"wp-block-column is-layout-flow wp-block-column-is-layout-flow\">\n<figure class=\"wp-block-image size-large\"><img loading=\"lazy\" decoding=\"async\" width=\"768\" height=\"1024\" src=\"https:\/\/sgueberruhr.de\/wp-content\/uploads\/2023\/09\/lena-aalbers-768x1024.jpg\" alt=\"\" class=\"wp-image-478\" srcset=\"https:\/\/sgueberruhr.de\/wp-content\/uploads\/2023\/09\/lena-aalbers-768x1024.jpg 768w, https:\/\/sgueberruhr.de\/wp-content\/uploads\/2023\/09\/lena-aalbers-225x300.jpg 225w, https:\/\/sgueberruhr.de\/wp-content\/uploads\/2023\/09\/lena-aalbers-1152x1536.jpg 1152w, https:\/\/sgueberruhr.de\/wp-content\/uploads\/2023\/09\/lena-aalbers.jpg 1200w\" sizes=\"auto, (max-width: 768px) 100vw, 768px\" \/><\/figure>\n\n\n\n<h4 class=\"wp-block-heading has-text-align-center\">Lena<br>Aalbers<\/h4>\n\n\n\n<p class=\"has-text-align-center\">#2 R\u00fcckraum<\/p>\n<\/div>\n\n\n\n<div class=\"wp-block-column is-layout-flow wp-block-column-is-layout-flow\">\n<figure class=\"wp-block-image size-large\"><img loading=\"lazy\" decoding=\"async\" width=\"768\" height=\"1024\" src=\"https:\/\/sgueberruhr.de\/wp-content\/uploads\/2023\/09\/lisa-spengler-768x1024.jpg\" alt=\"\" class=\"wp-image-479\" srcset=\"https:\/\/sgueberruhr.de\/wp-content\/uploads\/2023\/09\/lisa-spengler-768x1024.jpg 768w, https:\/\/sgueberruhr.de\/wp-content\/uploads\/2023\/09\/lisa-spengler-225x300.jpg 225w, https:\/\/sgueberruhr.de\/wp-content\/uploads\/2023\/09\/lisa-spengler-1152x1536.jpg 1152w, https:\/\/sgueberruhr.de\/wp-content\/uploads\/2023\/09\/lisa-spengler.jpg 1200w\" sizes=\"auto, (max-width: 768px) 100vw, 768px\" \/><\/figure>\n\n\n\n<h4 class=\"wp-block-heading has-text-align-center\">Lisa<br>Spengler<\/h4>\n\n\n\n<p class=\"has-text-align-center\">#25 R\u00fcckraum<\/p>\n<\/div>\n\n\n\n<div class=\"wp-block-column is-layout-flow wp-block-column-is-layout-flow\">\n<figure class=\"wp-block-image size-large\"><img loading=\"lazy\" decoding=\"async\" width=\"768\" height=\"1024\" src=\"https:\/\/sgueberruhr.de\/wp-content\/uploads\/2023\/09\/sarina-rieken-768x1024.jpg\" alt=\"\" class=\"wp-image-480\" srcset=\"https:\/\/sgueberruhr.de\/wp-content\/uploads\/2023\/09\/sarina-rieken-768x1024.jpg 768w, https:\/\/sgueberruhr.de\/wp-content\/uploads\/2023\/09\/sarina-rieken-225x300.jpg 225w, https:\/\/sgueberruhr.de\/wp-content\/uploads\/2023\/09\/sarina-rieken-1152x1536.jpg 1152w, https:\/\/sgueberruhr.de\/wp-content\/uploads\/2023\/09\/sarina-rieken.jpg 1200w\" sizes=\"auto, (max-width: 768px) 100vw, 768px\" \/><\/figure>\n\n\n\n<h4 class=\"wp-block-heading has-text-align-center\">Sarina<br>Rieken<\/h4>\n\n\n\n<p class=\"has-text-align-center\">#18 R\u00fcckraum<\/p>\n<\/div>\n\n\n\n<div class=\"wp-block-column is-layout-flow wp-block-column-is-layout-flow\">\n<h4 class=\"wp-block-heading has-text-align-center\"><\/h4>\n<\/div>\n<\/div>\n\n\n\n<h3 class=\"wp-block-heading\">Torh\u00fcter<\/h3>\n\n\n\n<div class=\"wp-block-columns is-layout-flex wp-container-core-columns-is-layout-9d6595d7 wp-block-columns-is-layout-flex\">\n<div class=\"wp-block-column is-layout-flow wp-block-column-is-layout-flow\">\n<figure class=\"wp-block-image size-large\"><img loading=\"lazy\" decoding=\"async\" width=\"768\" height=\"1024\" src=\"https:\/\/sgueberruhr.de\/wp-content\/uploads\/2023\/09\/lara-aalbers-768x1024.jpg\" alt=\"\" class=\"wp-image-481\" srcset=\"https:\/\/sgueberruhr.de\/wp-content\/uploads\/2023\/09\/lara-aalbers-768x1024.jpg 768w, https:\/\/sgueberruhr.de\/wp-content\/uploads\/2023\/09\/lara-aalbers-225x300.jpg 225w, https:\/\/sgueberruhr.de\/wp-content\/uploads\/2023\/09\/lara-aalbers-1152x1536.jpg 1152w, https:\/\/sgueberruhr.de\/wp-content\/uploads\/2023\/09\/lara-aalbers.jpg 1200w\" sizes=\"auto, (max-width: 768px) 100vw, 768px\" \/><\/figure>\n\n\n\n<h4 class=\"wp-block-heading has-text-align-center\">Lara<br>Aalbers<\/h4>\n\n\n\n<p class=\"has-text-align-center\">#3 TW<\/p>\n<\/div>\n\n\n\n<div class=\"wp-block-column is-layout-flow wp-block-column-is-layout-flow\">\n<figure class=\"wp-block-image size-large\"><img loading=\"lazy\" decoding=\"async\" width=\"768\" height=\"1024\" src=\"https:\/\/sgueberruhr.de\/wp-content\/uploads\/2023\/09\/laura-biniasch-768x1024.jpg\" alt=\"\" class=\"wp-image-482\" srcset=\"https:\/\/sgueberruhr.de\/wp-content\/uploads\/2023\/09\/laura-biniasch-768x1024.jpg 768w, https:\/\/sgueberruhr.de\/wp-content\/uploads\/2023\/09\/laura-biniasch-225x300.jpg 225w, https:\/\/sgueberruhr.de\/wp-content\/uploads\/2023\/09\/laura-biniasch-1152x1536.jpg 1152w, https:\/\/sgueberruhr.de\/wp-content\/uploads\/2023\/09\/laura-biniasch.jpg 1200w\" sizes=\"auto, (max-width: 768px) 100vw, 768px\" \/><\/figure>\n\n\n\n<h4 class=\"wp-block-heading has-text-align-center\">Laura<br>Biniasch<\/h4>\n\n\n\n<p class=\"has-text-align-center\">#1 TW<\/p>\n<\/div>\n\n\n\n<div class=\"wp-block-column is-layout-flow wp-block-column-is-layout-flow\">\n<p class=\"has-text-align-center\"><\/p>\n<\/div>\n\n\n\n<div class=\"wp-block-column is-layout-flow wp-block-column-is-layout-flow\"><\/div>\n<\/div>\n\n\n\n<h2 class=\"wp-block-heading\">Trainerteam<\/h2>\n\n\n\n<hr class=\"wp-block-separator has-alpha-channel-opacity\"\/>\n\n\n\n<div class=\"wp-block-columns is-layout-flex wp-container-core-columns-is-layout-9d6595d7 wp-block-columns-is-layout-flex\">\n<div class=\"wp-block-column is-layout-flow wp-block-column-is-layout-flow\">\n<p class=\"has-text-align-center\"><\/p>\n<\/div>\n\n\n\n<div class=\"wp-block-column is-layout-flow wp-block-column-is-layout-flow\">\n<figure class=\"wp-block-image size-large\"><img loading=\"lazy\" decoding=\"async\" width=\"768\" height=\"1024\" src=\"https:\/\/sgueberruhr.de\/wp-content\/uploads\/2023\/09\/sophie-bredendiek-768x1024.jpg\" alt=\"\" class=\"wp-image-484\" srcset=\"https:\/\/sgueberruhr.de\/wp-content\/uploads\/2023\/09\/sophie-bredendiek-768x1024.jpg 768w, https:\/\/sgueberruhr.de\/wp-content\/uploads\/2023\/09\/sophie-bredendiek-225x300.jpg 225w, https:\/\/sgueberruhr.de\/wp-content\/uploads\/2023\/09\/sophie-bredendiek-1152x1536.jpg 1152w, https:\/\/sgueberruhr.de\/wp-content\/uploads\/2023\/09\/sophie-bredendiek.jpg 1200w\" sizes=\"auto, (max-width: 768px) 100vw, 768px\" \/><\/figure>\n\n\n\n<h4 class=\"wp-block-heading has-text-align-center\">Sophie<br>Bredendiek<\/h4>\n\n\n\n<p class=\"has-text-align-center\">Trainer<br><a href=\"https:\/\/sgueberruhr.de\/?page_id=21\">(Kontakt)<\/a><\/p>\n<\/div>\n\n\n\n<div class=\"wp-block-column is-layout-flow wp-block-column-is-layout-flow\"><\/div>\n\n\n\n<div class=\"wp-block-column is-layout-flow wp-block-column-is-layout-flow\"><\/div>\n<\/div>\n","protected":false},"excerpt":{"rendered":"<p>2. Damen &#8211; Kader Kreisl\u00e4ufer ChantalK\u00f6stler #9 KM MichaelaHonnete #15 KM SarahSous #10 KM Au\u00dfen AnnaTex #5 LA FionaK\u00f6ster #22 LA\/RA HannahSpengler #17 RA R\u00fcckraum JoanaHinz #12 R\u00fcckraum IngaNeinhuis #11&hellip;&nbsp;<a href=\"https:\/\/sgueberruhr.de\/?page_id=468\" rel=\"bookmark\">Weiterlesen &raquo;<span class=\"screen-reader-text\">2. Damen &#8211; Kader<\/span><\/a><\/p>\n","protected":false},"author":3,"featured_media":0,"parent":310,"menu_order":0,"comment_status":"closed","ping_status":"closed","template":"","meta":{"neve_meta_sidebar":"","neve_meta_container":"","neve_meta_enable_content_width":"","neve_meta_content_width":0,"neve_meta_title_alignment":"","neve_meta_author_avatar":"","neve_post_elements_order":"","neve_meta_disable_header":"","neve_meta_disable_footer":"","neve_meta_disable_title":"","_themeisle_gutenberg_block_has_review":false,"footnotes":""},"class_list":["post-468","page","type-page","status-publish","hentry"],"_links":{"self":[{"href":"https:\/\/sgueberruhr.de\/index.php?rest_route=\/wp\/v2\/pages\/468","targetHints":{"allow":["GET"]}}],"collection":[{"href":"https:\/\/sgueberruhr.de\/index.php?rest_route=\/wp\/v2\/pages"}],"about":[{"href":"https:\/\/sgueberruhr.de\/index.php?rest_route=\/wp\/v2\/types\/page"}],"author":[{"embeddable":true,"href":"https:\/\/sgueberruhr.de\/index.php?rest_route=\/wp\/v2\/users\/3"}],"replies":[{"embeddable":true,"href":"https:\/\/sgueberruhr.de\/index.php?rest_route=%2Fwp%2Fv2%2Fcomments&post=468"}],"version-history":[{"count":3,"href":"https:\/\/sgueberruhr.de\/index.php?rest_route=\/wp\/v2\/pages\/468\/revisions"}],"predecessor-version":[{"id":901,"href":"https:\/\/sgueberruhr.de\/index.php?rest_route=\/wp\/v2\/pages\/468\/revisions\/901"}],"up":[{"embeddable":true,"href":"https:\/\/sgueberruhr.de\/index.php?rest_route=\/wp\/v2\/pages\/310"}],"wp:attachment":[{"href":"https:\/\/sgueberruhr.de\/index.php?rest_route=%2Fwp%2Fv2%2Fmedia&parent=468"}],"curies":[{"name":"wp","href":"https:\/\/api.w.org\/{rel}","templated":true}]}}