{"id":654,"date":"2023-10-09T14:58:40","date_gmt":"2023-10-09T13:58:40","guid":{"rendered":"https:\/\/sgueberruhr.de\/?page_id=654"},"modified":"2024-09-02T09:00:04","modified_gmt":"2024-09-02T08:00:04","slug":"1-herren-kader","status":"publish","type":"page","link":"https:\/\/sgueberruhr.de\/?page_id=654","title":{"rendered":"1. Damen &#8211; Kader"},"content":{"rendered":"\n<p><\/p>\n\n\n\n<h2 class=\"wp-block-heading\">1. Damen &#8211; Kader<\/h2>\n\n\n\n<hr class=\"wp-block-separator has-alpha-channel-opacity\"\/>\n\n\n\n<h3 class=\"wp-block-heading\">Kreisl\u00e4ufer<\/h3>\n\n\n\n<div class=\"wp-block-columns is-layout-flex wp-container-core-columns-is-layout-9d6595d7 wp-block-columns-is-layout-flex\">\n<div class=\"wp-block-column is-layout-flow wp-block-column-is-layout-flow\">\n<figure class=\"wp-block-image size-large\"><img loading=\"lazy\" decoding=\"async\" width=\"1024\" height=\"683\" src=\"https:\/\/sgueberruhr.de\/wp-content\/uploads\/2023\/09\/HSV_Ueberruhr_Team25-1024x683.jpg\" alt=\"\" class=\"wp-image-428\" srcset=\"https:\/\/sgueberruhr.de\/wp-content\/uploads\/2023\/09\/HSV_Ueberruhr_Team25-1024x683.jpg 1024w, https:\/\/sgueberruhr.de\/wp-content\/uploads\/2023\/09\/HSV_Ueberruhr_Team25-300x200.jpg 300w, https:\/\/sgueberruhr.de\/wp-content\/uploads\/2023\/09\/HSV_Ueberruhr_Team25-768x512.jpg 768w, https:\/\/sgueberruhr.de\/wp-content\/uploads\/2023\/09\/HSV_Ueberruhr_Team25-1536x1024.jpg 1536w, https:\/\/sgueberruhr.de\/wp-content\/uploads\/2023\/09\/HSV_Ueberruhr_Team25-2048x1365.jpg 2048w, https:\/\/sgueberruhr.de\/wp-content\/uploads\/2023\/09\/HSV_Ueberruhr_Team25-930x620.jpg 930w\" sizes=\"auto, (max-width: 1024px) 100vw, 1024px\" \/><\/figure>\n\n\n\n<h4 class=\"wp-block-heading has-text-align-center\">Solveig Rosenberger<\/h4>\n\n\n\n<p class=\"has-text-align-center\">#2 KM<\/p>\n<\/div>\n\n\n\n<div class=\"wp-block-column is-layout-flow wp-block-column-is-layout-flow\">\n<figure class=\"wp-block-image size-large\"><img loading=\"lazy\" decoding=\"async\" width=\"1024\" height=\"683\" src=\"https:\/\/sgueberruhr.de\/wp-content\/uploads\/2023\/09\/HSV_Ueberruhr_Team24-1024x683.jpg\" alt=\"\" class=\"wp-image-427\" srcset=\"https:\/\/sgueberruhr.de\/wp-content\/uploads\/2023\/09\/HSV_Ueberruhr_Team24-1024x683.jpg 1024w, https:\/\/sgueberruhr.de\/wp-content\/uploads\/2023\/09\/HSV_Ueberruhr_Team24-300x200.jpg 300w, https:\/\/sgueberruhr.de\/wp-content\/uploads\/2023\/09\/HSV_Ueberruhr_Team24-768x512.jpg 768w, https:\/\/sgueberruhr.de\/wp-content\/uploads\/2023\/09\/HSV_Ueberruhr_Team24-1536x1024.jpg 1536w, https:\/\/sgueberruhr.de\/wp-content\/uploads\/2023\/09\/HSV_Ueberruhr_Team24-2048x1365.jpg 2048w, https:\/\/sgueberruhr.de\/wp-content\/uploads\/2023\/09\/HSV_Ueberruhr_Team24-930x620.jpg 930w\" sizes=\"auto, (max-width: 1024px) 100vw, 1024px\" \/><\/figure>\n\n\n\n<h4 class=\"wp-block-heading has-text-align-center\">Lioba<br>Schr\u00f6ter<\/h4>\n\n\n\n<p class=\"has-text-align-center\">#8 KM<\/p>\n<\/div>\n\n\n\n<div class=\"wp-block-column is-layout-flow wp-block-column-is-layout-flow\">\n<h4 class=\"wp-block-heading has-text-align-center\"><\/h4>\n<\/div>\n\n\n\n<div class=\"wp-block-column is-layout-flow wp-block-column-is-layout-flow\">\n<h4 class=\"wp-block-heading has-text-align-center\"><\/h4>\n<\/div>\n<\/div>\n\n\n\n<h3 class=\"wp-block-heading\">Au\u00dfen<\/h3>\n\n\n\n<div class=\"wp-block-columns is-layout-flex wp-container-core-columns-is-layout-9d6595d7 wp-block-columns-is-layout-flex\">\n<div class=\"wp-block-column is-layout-flow wp-block-column-is-layout-flow\">\n<figure class=\"wp-block-image size-large\"><img loading=\"lazy\" decoding=\"async\" width=\"1024\" height=\"700\" src=\"https:\/\/sgueberruhr.de\/wp-content\/uploads\/2023\/09\/Ersatzbild_Tanja-1024x700.jpg\" alt=\"\" class=\"wp-image-431\" srcset=\"https:\/\/sgueberruhr.de\/wp-content\/uploads\/2023\/09\/Ersatzbild_Tanja-1024x700.jpg 1024w, https:\/\/sgueberruhr.de\/wp-content\/uploads\/2023\/09\/Ersatzbild_Tanja-300x205.jpg 300w, https:\/\/sgueberruhr.de\/wp-content\/uploads\/2023\/09\/Ersatzbild_Tanja-768x525.jpg 768w, https:\/\/sgueberruhr.de\/wp-content\/uploads\/2023\/09\/Ersatzbild_Tanja-1536x1050.jpg 1536w, https:\/\/sgueberruhr.de\/wp-content\/uploads\/2023\/09\/Ersatzbild_Tanja-2048x1400.jpg 2048w\" sizes=\"auto, (max-width: 1024px) 100vw, 1024px\" \/><\/figure>\n\n\n\n<h4 class=\"wp-block-heading has-text-align-center\">Tanja<br>Berens<\/h4>\n\n\n\n<p class=\"has-text-align-center\">#18 LA<\/p>\n<\/div>\n\n\n\n<div class=\"wp-block-column is-layout-flow wp-block-column-is-layout-flow\">\n<figure class=\"wp-block-image size-large\"><img loading=\"lazy\" decoding=\"async\" width=\"1024\" height=\"598\" src=\"https:\/\/sgueberruhr.de\/wp-content\/uploads\/2023\/09\/HSV_Ueberruhr_PSV-Koeln02-1024x598.jpg\" alt=\"\" class=\"wp-image-372\" srcset=\"https:\/\/sgueberruhr.de\/wp-content\/uploads\/2023\/09\/HSV_Ueberruhr_PSV-Koeln02-1024x598.jpg 1024w, https:\/\/sgueberruhr.de\/wp-content\/uploads\/2023\/09\/HSV_Ueberruhr_PSV-Koeln02-300x175.jpg 300w, https:\/\/sgueberruhr.de\/wp-content\/uploads\/2023\/09\/HSV_Ueberruhr_PSV-Koeln02-768x448.jpg 768w, https:\/\/sgueberruhr.de\/wp-content\/uploads\/2023\/09\/HSV_Ueberruhr_PSV-Koeln02-1536x896.jpg 1536w, https:\/\/sgueberruhr.de\/wp-content\/uploads\/2023\/09\/HSV_Ueberruhr_PSV-Koeln02-2048x1195.jpg 2048w\" sizes=\"auto, (max-width: 1024px) 100vw, 1024px\" \/><\/figure>\n\n\n\n<h4 class=\"wp-block-heading has-text-align-center\">Leona<br>Karpowitz<\/h4>\n\n\n\n<p class=\"has-text-align-center\">#4 LA\/RA<\/p>\n<\/div>\n\n\n\n<div class=\"wp-block-column is-layout-flow wp-block-column-is-layout-flow\">\n<figure class=\"wp-block-image size-large\"><img loading=\"lazy\" decoding=\"async\" width=\"1024\" height=\"683\" src=\"https:\/\/sgueberruhr.de\/wp-content\/uploads\/2023\/09\/HSV_Ueberruhr_Team14-1024x683.jpg\" alt=\"\" class=\"wp-image-416\" srcset=\"https:\/\/sgueberruhr.de\/wp-content\/uploads\/2023\/09\/HSV_Ueberruhr_Team14-1024x683.jpg 1024w, https:\/\/sgueberruhr.de\/wp-content\/uploads\/2023\/09\/HSV_Ueberruhr_Team14-300x200.jpg 300w, https:\/\/sgueberruhr.de\/wp-content\/uploads\/2023\/09\/HSV_Ueberruhr_Team14-768x512.jpg 768w, https:\/\/sgueberruhr.de\/wp-content\/uploads\/2023\/09\/HSV_Ueberruhr_Team14-1536x1024.jpg 1536w, https:\/\/sgueberruhr.de\/wp-content\/uploads\/2023\/09\/HSV_Ueberruhr_Team14-2048x1365.jpg 2048w, https:\/\/sgueberruhr.de\/wp-content\/uploads\/2023\/09\/HSV_Ueberruhr_Team14-930x620.jpg 930w\" sizes=\"auto, (max-width: 1024px) 100vw, 1024px\" \/><\/figure>\n\n\n\n<h4 class=\"wp-block-heading has-text-align-center\">Hanna<br>Schmidt<\/h4>\n\n\n\n<p class=\"has-text-align-center\">#23 RA<\/p>\n<\/div>\n\n\n\n<div class=\"wp-block-column is-layout-flow wp-block-column-is-layout-flow\"><\/div>\n<\/div>\n\n\n\n<h3 class=\"wp-block-heading\">R\u00fcckraum<\/h3>\n\n\n\n<div class=\"wp-block-columns is-layout-flex wp-container-core-columns-is-layout-9d6595d7 wp-block-columns-is-layout-flex\">\n<div class=\"wp-block-column is-layout-flow wp-block-column-is-layout-flow\">\n<figure class=\"wp-block-image size-large\"><img loading=\"lazy\" decoding=\"async\" width=\"1024\" height=\"683\" src=\"https:\/\/sgueberruhr.de\/wp-content\/uploads\/2023\/09\/HSV_Ueberruhr_Team15-1024x683.jpg\" alt=\"\" class=\"wp-image-417\" srcset=\"https:\/\/sgueberruhr.de\/wp-content\/uploads\/2023\/09\/HSV_Ueberruhr_Team15-1024x683.jpg 1024w, https:\/\/sgueberruhr.de\/wp-content\/uploads\/2023\/09\/HSV_Ueberruhr_Team15-300x200.jpg 300w, https:\/\/sgueberruhr.de\/wp-content\/uploads\/2023\/09\/HSV_Ueberruhr_Team15-768x512.jpg 768w, https:\/\/sgueberruhr.de\/wp-content\/uploads\/2023\/09\/HSV_Ueberruhr_Team15-1536x1024.jpg 1536w, https:\/\/sgueberruhr.de\/wp-content\/uploads\/2023\/09\/HSV_Ueberruhr_Team15-2048x1365.jpg 2048w, https:\/\/sgueberruhr.de\/wp-content\/uploads\/2023\/09\/HSV_Ueberruhr_Team15-930x620.jpg 930w\" sizes=\"auto, (max-width: 1024px) 100vw, 1024px\" \/><\/figure>\n\n\n\n<h4 class=\"wp-block-heading has-text-align-center\">Amelie<br>Polutta<\/h4>\n\n\n\n<p class=\"has-text-align-center\">#13 R\u00fcckraum<\/p>\n<\/div>\n\n\n\n<div class=\"wp-block-column is-layout-flow wp-block-column-is-layout-flow\">\n<figure class=\"wp-block-image size-large\"><img loading=\"lazy\" decoding=\"async\" width=\"1024\" height=\"683\" src=\"https:\/\/sgueberruhr.de\/wp-content\/uploads\/2023\/09\/HSV_Ueberruhr_Team16-1024x683.jpg\" alt=\"\" class=\"wp-image-418\" srcset=\"https:\/\/sgueberruhr.de\/wp-content\/uploads\/2023\/09\/HSV_Ueberruhr_Team16-1024x683.jpg 1024w, https:\/\/sgueberruhr.de\/wp-content\/uploads\/2023\/09\/HSV_Ueberruhr_Team16-300x200.jpg 300w, https:\/\/sgueberruhr.de\/wp-content\/uploads\/2023\/09\/HSV_Ueberruhr_Team16-768x512.jpg 768w, https:\/\/sgueberruhr.de\/wp-content\/uploads\/2023\/09\/HSV_Ueberruhr_Team16-1536x1024.jpg 1536w, https:\/\/sgueberruhr.de\/wp-content\/uploads\/2023\/09\/HSV_Ueberruhr_Team16-2048x1365.jpg 2048w, https:\/\/sgueberruhr.de\/wp-content\/uploads\/2023\/09\/HSV_Ueberruhr_Team16-930x620.jpg 930w\" sizes=\"auto, (max-width: 1024px) 100vw, 1024px\" \/><\/figure>\n\n\n\n<h4 class=\"wp-block-heading has-text-align-center\">Tabea<br>Schulte<\/h4>\n\n\n\n<p class=\"has-text-align-center\">#24 R\u00fcckraum<\/p>\n<\/div>\n\n\n\n<div class=\"wp-block-column is-layout-flow wp-block-column-is-layout-flow\">\n<figure class=\"wp-block-image size-large\"><img loading=\"lazy\" decoding=\"async\" width=\"1024\" height=\"683\" src=\"https:\/\/sgueberruhr.de\/wp-content\/uploads\/2023\/09\/HSV_Ueberruhr_Team17-1024x683.jpg\" alt=\"\" class=\"wp-image-419\" srcset=\"https:\/\/sgueberruhr.de\/wp-content\/uploads\/2023\/09\/HSV_Ueberruhr_Team17-1024x683.jpg 1024w, https:\/\/sgueberruhr.de\/wp-content\/uploads\/2023\/09\/HSV_Ueberruhr_Team17-300x200.jpg 300w, https:\/\/sgueberruhr.de\/wp-content\/uploads\/2023\/09\/HSV_Ueberruhr_Team17-768x512.jpg 768w, https:\/\/sgueberruhr.de\/wp-content\/uploads\/2023\/09\/HSV_Ueberruhr_Team17-1536x1024.jpg 1536w, https:\/\/sgueberruhr.de\/wp-content\/uploads\/2023\/09\/HSV_Ueberruhr_Team17-2048x1365.jpg 2048w, https:\/\/sgueberruhr.de\/wp-content\/uploads\/2023\/09\/HSV_Ueberruhr_Team17-930x620.jpg 930w\" sizes=\"auto, (max-width: 1024px) 100vw, 1024px\" \/><\/figure>\n\n\n\n<h4 class=\"wp-block-heading has-text-align-center\">Anna<br>K\u00fcpper<\/h4>\n\n\n\n<p class=\"has-text-align-center\">#28 R\u00fcckraum<\/p>\n<\/div>\n\n\n\n<div class=\"wp-block-column is-layout-flow wp-block-column-is-layout-flow\">\n<h4 class=\"wp-block-heading has-text-align-center\"><\/h4>\n<\/div>\n<\/div>\n\n\n\n<div class=\"wp-block-columns is-layout-flex wp-container-core-columns-is-layout-9d6595d7 wp-block-columns-is-layout-flex\">\n<div class=\"wp-block-column is-layout-flow wp-block-column-is-layout-flow\">\n<figure class=\"wp-block-image size-large\"><img loading=\"lazy\" decoding=\"async\" width=\"1024\" height=\"683\" src=\"https:\/\/sgueberruhr.de\/wp-content\/uploads\/2023\/09\/HSV_Ueberruhr_Team20-1024x683.jpg\" alt=\"\" class=\"wp-image-423\" srcset=\"https:\/\/sgueberruhr.de\/wp-content\/uploads\/2023\/09\/HSV_Ueberruhr_Team20-1024x683.jpg 1024w, https:\/\/sgueberruhr.de\/wp-content\/uploads\/2023\/09\/HSV_Ueberruhr_Team20-300x200.jpg 300w, https:\/\/sgueberruhr.de\/wp-content\/uploads\/2023\/09\/HSV_Ueberruhr_Team20-768x512.jpg 768w, https:\/\/sgueberruhr.de\/wp-content\/uploads\/2023\/09\/HSV_Ueberruhr_Team20-1536x1024.jpg 1536w, https:\/\/sgueberruhr.de\/wp-content\/uploads\/2023\/09\/HSV_Ueberruhr_Team20-2048x1365.jpg 2048w, https:\/\/sgueberruhr.de\/wp-content\/uploads\/2023\/09\/HSV_Ueberruhr_Team20-930x620.jpg 930w\" sizes=\"auto, (max-width: 1024px) 100vw, 1024px\" \/><\/figure>\n\n\n\n<h4 class=\"wp-block-heading has-text-align-center\">Nele<br>Ahlendorf<\/h4>\n\n\n\n<p class=\"has-text-align-center\">#31 R\u00fcckraum<\/p>\n<\/div>\n\n\n\n<div class=\"wp-block-column is-layout-flow wp-block-column-is-layout-flow\">\n<figure class=\"wp-block-image size-large is-resized\"><img loading=\"lazy\" decoding=\"async\" width=\"1024\" height=\"614\" src=\"https:\/\/sgueberruhr.de\/wp-content\/uploads\/2023\/09\/Ersatzbild_Theresa-scaled-e1695284043401-1024x614.jpg\" alt=\"\" class=\"wp-image-433\" srcset=\"https:\/\/sgueberruhr.de\/wp-content\/uploads\/2023\/09\/Ersatzbild_Theresa-scaled-e1695284043401-1024x614.jpg 1024w, https:\/\/sgueberruhr.de\/wp-content\/uploads\/2023\/09\/Ersatzbild_Theresa-scaled-e1695284043401-300x180.jpg 300w, https:\/\/sgueberruhr.de\/wp-content\/uploads\/2023\/09\/Ersatzbild_Theresa-scaled-e1695284043401-768x461.jpg 768w, https:\/\/sgueberruhr.de\/wp-content\/uploads\/2023\/09\/Ersatzbild_Theresa-scaled-e1695284043401-1536x921.jpg 1536w, https:\/\/sgueberruhr.de\/wp-content\/uploads\/2023\/09\/Ersatzbild_Theresa-scaled-e1695284043401.jpg 1707w\" sizes=\"auto, (max-width: 1024px) 100vw, 1024px\" \/><\/figure>\n\n\n\n<h4 class=\"wp-block-heading has-text-align-center\">Theresa<br>Rohfeld<\/h4>\n\n\n\n<p class=\"has-text-align-center\">R\u00fcckraum<\/p>\n<\/div>\n\n\n\n<div class=\"wp-block-column is-layout-flow wp-block-column-is-layout-flow\">\n<figure class=\"wp-block-image size-large\"><img loading=\"lazy\" decoding=\"async\" width=\"1024\" height=\"683\" src=\"https:\/\/sgueberruhr.de\/wp-content\/uploads\/2023\/09\/HSV_Ueberruhr_Team19-1024x683.jpg\" alt=\"\" class=\"wp-image-421\" srcset=\"https:\/\/sgueberruhr.de\/wp-content\/uploads\/2023\/09\/HSV_Ueberruhr_Team19-1024x683.jpg 1024w, https:\/\/sgueberruhr.de\/wp-content\/uploads\/2023\/09\/HSV_Ueberruhr_Team19-300x200.jpg 300w, https:\/\/sgueberruhr.de\/wp-content\/uploads\/2023\/09\/HSV_Ueberruhr_Team19-768x512.jpg 768w, https:\/\/sgueberruhr.de\/wp-content\/uploads\/2023\/09\/HSV_Ueberruhr_Team19-1536x1024.jpg 1536w, https:\/\/sgueberruhr.de\/wp-content\/uploads\/2023\/09\/HSV_Ueberruhr_Team19-2048x1365.jpg 2048w, https:\/\/sgueberruhr.de\/wp-content\/uploads\/2023\/09\/HSV_Ueberruhr_Team19-930x620.jpg 930w\" sizes=\"auto, (max-width: 1024px) 100vw, 1024px\" \/><\/figure>\n\n\n\n<h4 class=\"wp-block-heading has-text-align-center\">Jacqueline<br>Sorg<\/h4>\n\n\n\n<p class=\"has-text-align-center\">#87 R\u00fcckraum<\/p>\n<\/div>\n\n\n\n<div class=\"wp-block-column is-layout-flow wp-block-column-is-layout-flow\">\n<h4 class=\"wp-block-heading has-text-align-center\"><\/h4>\n<\/div>\n<\/div>\n\n\n\n<div class=\"wp-block-columns is-layout-flex wp-container-core-columns-is-layout-9d6595d7 wp-block-columns-is-layout-flex\">\n<div class=\"wp-block-column is-layout-flow wp-block-column-is-layout-flow\">\n<figure class=\"wp-block-image size-large\"><img loading=\"lazy\" decoding=\"async\" width=\"1024\" height=\"683\" src=\"https:\/\/sgueberruhr.de\/wp-content\/uploads\/2023\/09\/HSV_Ueberruhr_Team18-1024x683.jpg\" alt=\"\" class=\"wp-image-420\" srcset=\"https:\/\/sgueberruhr.de\/wp-content\/uploads\/2023\/09\/HSV_Ueberruhr_Team18-1024x683.jpg 1024w, https:\/\/sgueberruhr.de\/wp-content\/uploads\/2023\/09\/HSV_Ueberruhr_Team18-300x200.jpg 300w, https:\/\/sgueberruhr.de\/wp-content\/uploads\/2023\/09\/HSV_Ueberruhr_Team18-768x512.jpg 768w, https:\/\/sgueberruhr.de\/wp-content\/uploads\/2023\/09\/HSV_Ueberruhr_Team18-1536x1024.jpg 1536w, https:\/\/sgueberruhr.de\/wp-content\/uploads\/2023\/09\/HSV_Ueberruhr_Team18-2048x1365.jpg 2048w, https:\/\/sgueberruhr.de\/wp-content\/uploads\/2023\/09\/HSV_Ueberruhr_Team18-930x620.jpg 930w\" sizes=\"auto, (max-width: 1024px) 100vw, 1024px\" \/><\/figure>\n\n\n\n<h4 class=\"wp-block-heading has-text-align-center\">Liesa<br>Benger<\/h4>\n\n\n\n<p class=\"has-text-align-center\">#21 TW<\/p>\n<\/div>\n\n\n\n<div class=\"wp-block-column is-layout-flow wp-block-column-is-layout-flow\">\n<figure class=\"wp-block-image size-large\"><img loading=\"lazy\" decoding=\"async\" width=\"1024\" height=\"683\" src=\"https:\/\/sgueberruhr.de\/wp-content\/uploads\/2023\/09\/HSV_Ueberruhr_Team21-1024x683.jpg\" alt=\"\" class=\"wp-image-424\" srcset=\"https:\/\/sgueberruhr.de\/wp-content\/uploads\/2023\/09\/HSV_Ueberruhr_Team21-1024x683.jpg 1024w, https:\/\/sgueberruhr.de\/wp-content\/uploads\/2023\/09\/HSV_Ueberruhr_Team21-300x200.jpg 300w, https:\/\/sgueberruhr.de\/wp-content\/uploads\/2023\/09\/HSV_Ueberruhr_Team21-768x512.jpg 768w, https:\/\/sgueberruhr.de\/wp-content\/uploads\/2023\/09\/HSV_Ueberruhr_Team21-1536x1024.jpg 1536w, https:\/\/sgueberruhr.de\/wp-content\/uploads\/2023\/09\/HSV_Ueberruhr_Team21-2048x1365.jpg 2048w, https:\/\/sgueberruhr.de\/wp-content\/uploads\/2023\/09\/HSV_Ueberruhr_Team21-930x620.jpg 930w\" sizes=\"auto, (max-width: 1024px) 100vw, 1024px\" \/><\/figure>\n\n\n\n<h4 class=\"wp-block-heading has-text-align-center\">Jule<br>Sorg<\/h4>\n\n\n\n<p class=\"has-text-align-center\">#77 TW<\/p>\n<\/div>\n\n\n\n<div class=\"wp-block-column is-layout-flow wp-block-column-is-layout-flow\">\n<figure class=\"wp-block-image size-large\"><img loading=\"lazy\" decoding=\"async\" width=\"1024\" height=\"683\" src=\"https:\/\/sgueberruhr.de\/wp-content\/uploads\/2023\/09\/HSV_Ueberruhr_Team23-1024x683.jpg\" alt=\"\" class=\"wp-image-426\" srcset=\"https:\/\/sgueberruhr.de\/wp-content\/uploads\/2023\/09\/HSV_Ueberruhr_Team23-1024x683.jpg 1024w, https:\/\/sgueberruhr.de\/wp-content\/uploads\/2023\/09\/HSV_Ueberruhr_Team23-300x200.jpg 300w, https:\/\/sgueberruhr.de\/wp-content\/uploads\/2023\/09\/HSV_Ueberruhr_Team23-768x512.jpg 768w, https:\/\/sgueberruhr.de\/wp-content\/uploads\/2023\/09\/HSV_Ueberruhr_Team23-1536x1024.jpg 1536w, https:\/\/sgueberruhr.de\/wp-content\/uploads\/2023\/09\/HSV_Ueberruhr_Team23-2048x1365.jpg 2048w, https:\/\/sgueberruhr.de\/wp-content\/uploads\/2023\/09\/HSV_Ueberruhr_Team23-930x620.jpg 930w\" sizes=\"auto, (max-width: 1024px) 100vw, 1024px\" \/><\/figure>\n\n\n\n<h4 class=\"wp-block-heading has-text-align-center\">Nora<br>Kerren<\/h4>\n\n\n\n<p class=\"has-text-align-center\">#59 TW (erw. Kader)<\/p>\n<\/div>\n\n\n\n<div class=\"wp-block-column is-layout-flow wp-block-column-is-layout-flow\"><\/div>\n<\/div>\n\n\n\n<h2 class=\"wp-block-heading\">Trainerteam<\/h2>\n\n\n\n<hr class=\"wp-block-separator has-alpha-channel-opacity\"\/>\n\n\n\n<div class=\"wp-block-columns is-layout-flex wp-container-core-columns-is-layout-9d6595d7 wp-block-columns-is-layout-flex\">\n<div class=\"wp-block-column is-layout-flow wp-block-column-is-layout-flow\">\n<h4 class=\"wp-block-heading has-text-align-center\"><\/h4>\n\n\n\n<p class=\"has-text-align-center\">Trainer<br><a href=\"https:\/\/sgueberruhr.de\/?page_id=21\">(Kontakt)<\/a><\/p>\n<\/div>\n\n\n\n<div class=\"wp-block-column is-layout-flow wp-block-column-is-layout-flow\"><\/div>\n\n\n\n<div class=\"wp-block-column is-layout-flow wp-block-column-is-layout-flow\"><\/div>\n\n\n\n<div class=\"wp-block-column is-layout-flow wp-block-column-is-layout-flow\"><\/div>\n<\/div>\n","protected":false},"excerpt":{"rendered":"<p>1. Damen &#8211; Kader Kreisl\u00e4ufer Solveig Rosenberger #2 KM LiobaSchr\u00f6ter #8 KM Au\u00dfen TanjaBerens #18 LA LeonaKarpowitz #4 LA\/RA HannaSchmidt #23 RA R\u00fcckraum AmeliePolutta #13 R\u00fcckraum TabeaSchulte #24 R\u00fcckraum AnnaK\u00fcpper&hellip;&nbsp;<a href=\"https:\/\/sgueberruhr.de\/?page_id=654\" rel=\"bookmark\">Weiterlesen &raquo;<span class=\"screen-reader-text\">1. Damen &#8211; Kader<\/span><\/a><\/p>\n","protected":false},"author":1,"featured_media":0,"parent":164,"menu_order":0,"comment_status":"closed","ping_status":"closed","template":"","meta":{"neve_meta_sidebar":"","neve_meta_container":"","neve_meta_enable_content_width":"","neve_meta_content_width":0,"neve_meta_title_alignment":"","neve_meta_author_avatar":"","neve_post_elements_order":"","neve_meta_disable_header":"","neve_meta_disable_footer":"","neve_meta_disable_title":"","_themeisle_gutenberg_block_has_review":false,"footnotes":""},"class_list":["post-654","page","type-page","status-publish","hentry"],"_links":{"self":[{"href":"https:\/\/sgueberruhr.de\/index.php?rest_route=\/wp\/v2\/pages\/654","targetHints":{"allow":["GET"]}}],"collection":[{"href":"https:\/\/sgueberruhr.de\/index.php?rest_route=\/wp\/v2\/pages"}],"about":[{"href":"https:\/\/sgueberruhr.de\/index.php?rest_route=\/wp\/v2\/types\/page"}],"author":[{"embeddable":true,"href":"https:\/\/sgueberruhr.de\/index.php?rest_route=\/wp\/v2\/users\/1"}],"replies":[{"embeddable":true,"href":"https:\/\/sgueberruhr.de\/index.php?rest_route=%2Fwp%2Fv2%2Fcomments&post=654"}],"version-history":[{"count":5,"href":"https:\/\/sgueberruhr.de\/index.php?rest_route=\/wp\/v2\/pages\/654\/revisions"}],"predecessor-version":[{"id":954,"href":"https:\/\/sgueberruhr.de\/index.php?rest_route=\/wp\/v2\/pages\/654\/revisions\/954"}],"up":[{"embeddable":true,"href":"https:\/\/sgueberruhr.de\/index.php?rest_route=\/wp\/v2\/pages\/164"}],"wp:attachment":[{"href":"https:\/\/sgueberruhr.de\/index.php?rest_route=%2Fwp%2Fv2%2Fmedia&parent=654"}],"curies":[{"name":"wp","href":"https:\/\/api.w.org\/{rel}","templated":true}]}}