{"id":933,"date":"2023-12-08T15:49:38","date_gmt":"2023-12-08T14:49:38","guid":{"rendered":"https:\/\/sgueberruhr.de\/?page_id=933"},"modified":"2026-04-14T16:02:14","modified_gmt":"2026-04-14T15:02:14","slug":"trainingszeiten","status":"publish","type":"page","link":"https:\/\/sgueberruhr.de\/?page_id=933","title":{"rendered":"Trainingszeiten"},"content":{"rendered":"\n<figure class=\"wp-block-table\"><table class=\"has-fixed-layout\"><tbody><tr><td>Mannschaft<\/td><td>Tag<\/td><td>Zeit<\/td><td>Halle<\/td><\/tr><tr><td>1.Herren<\/td><td>Dienstag<\/td><td>20:00 &#8211; 22:00<\/td><td>SH Klapperstra\u00dfe<\/td><\/tr><tr><td><\/td><td>Donnerstag<\/td><td>20:00 &#8211; 22:00<\/td><td>SH Klapperstra\u00dfe<\/td><\/tr><tr><td>2.Herren<\/td><td>Dienstag<\/td><td>18:30 &#8211; 20:00<\/td><td>SH Klapperstra\u00dfe<\/td><\/tr><tr><td><\/td><td>Donnerstag<\/td><td>20:00 &#8211; 22:00<\/td><td>SH Klapperstra\u00dfe<\/td><\/tr><tr><td>3.Herren<\/td><td>Dienstag<\/td><td>18:30 &#8211; 20:00<\/td><td>SH Klapperstra\u00dfe<\/td><\/tr><tr><td>1.Damen<\/td><td>Montag<\/td><td>20:00 &#8211; 22:00<\/td><td>Langenberger Stra\u00dfe (GE\u00dc)<\/td><\/tr><tr><td><\/td><td>Donnerstag<\/td><td>18:00 &#8211; 20:00<\/td><td>SH Klapperstra\u00dfe<\/td><\/tr><tr><td>2.Damen<\/td><td>Montag<\/td><td>20:00 &#8211; 22:00<\/td><td>SH Klapperstra\u00dfe<\/td><\/tr><tr><td><\/td><td>Mittwoch<\/td><td>20:00 &#8211; 22:00<\/td><td>SH Klapperstra\u00dfe<\/td><\/tr><tr><td>3.Damen<\/td><td>Mittwoch<\/td><td>20:00 &#8211; 22:00<\/td><td>SH Klapperstra\u00dfe<\/td><\/tr><tr><td><\/td><td>Freitag<\/td><td>20:00 &#8211; 22:00<\/td><td>SH Klapperstra\u00dfe<\/td><\/tr><tr><td>4.Damen<\/td><td>Mittwoch<\/td><td>18:00 &#8211; 19:30<\/td><td>Haedenkampstra\u00dfe<\/td><\/tr><tr><td><\/td><td>Freitag<\/td><td>18:30 &#8211; 20:00<\/td><td>SH Klapperstra\u00dfe<\/td><\/tr><tr><td>weibl. A-Jugend<\/td><td>Montag<\/td><td>18:00 &#8211; 20:00<\/td><td>Gesamtschule S\u00fcd<\/td><\/tr><tr><td><\/td><td>Mittwoch<\/td><td>18:00 &#8211; 20:00<\/td><td>SH Klapperstra\u00dfe<\/td><\/tr><tr><td>weibl. B-Jugend<\/td><td>Montag<\/td><td>18:00 &#8211; 20:00<\/td><td>Gesamtschule S\u00fcd<\/td><\/tr><tr><td><\/td><td>Mittwoch<\/td><td>18:00 &#8211; 20:00<\/td><td>Langenberger Stra\u00dfe (GE\u00dc)<\/td><\/tr><tr><td>m\u00e4nnl. C-Jugend<\/td><td>Dienstag<\/td><td>17:00 &#8211; 18:30<\/td><td>SH Klapperstra\u00dfe<\/td><\/tr><tr><td><\/td><td>Freitag<\/td><td>18:30 &#8211; 20:00<\/td><td>SH Klapperstra\u00dfe<\/td><\/tr><tr><td>weibl. D-Jugend<\/td><td>Mittwoch<\/td><td>18:00 &#8211; 20:00<\/td><td>Langenberger Stra\u00dfe (GE\u00dc)<\/td><\/tr><tr><td><\/td><td>Freitag<\/td><td>17:00 &#8211; 18:30<\/td><td>SH Klapperstra\u00dfe<\/td><\/tr><tr><td>m\u00e4nnl. D-Jugend<\/td><td>Montag<\/td><td>18:00 &#8211; 20:00<\/td><td>Langenberger Stra\u00dfe (GE\u00dc)<\/td><\/tr><tr><td><\/td><td>Mittwoch<\/td><td>18:00 &#8211; 20:00<\/td><td>Langenberger Stra\u00dfe (GE\u00dc)<\/td><\/tr><tr><td>weibl. E-Jugend<\/td><td>Dienstag<\/td><td>16:30 &#8211; 18:00<\/td><td>Gesamtschule S\u00fcd<\/td><\/tr><tr><td><\/td><td>Freitag<\/td><td>17:00 &#8211; 18:30<\/td><td>SH Klapperstra\u00dfe<\/td><\/tr><tr><td>m\u00e4nnl. E-Jugend<\/td><td>Dienstag<\/td><td>16:30 &#8211; 18:00<\/td><td>Gesamtschule S\u00fcd<\/td><\/tr><tr><td><\/td><td>Freitag<\/td><td>17:00 &#8211; 18:30<\/td><td>SH Klapperstra\u00dfe<\/td><\/tr><tr><td>gem. F-Jugend<\/td><td>Montag<\/td><td>17:00 &#8211; 18:00<\/td><td>SH Klapperstra\u00dfe<\/td><\/tr><tr><td><\/td><td>Freitag<\/td><td>16:00 &#8211; 17:00<\/td><td>SH Klapperstra\u00dfe<\/td><\/tr><tr><td>Minis<\/td><td>Mittwoch<\/td><td>16:00 &#8211; 17:00<\/td><td>SH Klapperstra\u00dfe<\/td><\/tr><\/tbody><\/table><figcaption class=\"wp-element-caption\">Stand Aug. 2025<\/figcaption><\/figure>\n\n\n\n<p><\/p>\n","protected":false},"excerpt":{"rendered":"<p>Mannschaft Tag Zeit Halle 1.Herren Dienstag 20:00 &#8211; 22:00 SH Klapperstra\u00dfe Donnerstag 20:00 &#8211; 22:00 SH Klapperstra\u00dfe 2.Herren Dienstag 18:30 &#8211; 20:00 SH Klapperstra\u00dfe Donnerstag 20:00 &#8211; 22:00 SH Klapperstra\u00dfe&hellip;&nbsp;<a href=\"https:\/\/sgueberruhr.de\/?page_id=933\" rel=\"bookmark\">Weiterlesen &raquo;<span class=\"screen-reader-text\">Trainingszeiten<\/span><\/a><\/p>\n","protected":false},"author":1,"featured_media":0,"parent":0,"menu_order":0,"comment_status":"closed","ping_status":"closed","template":"","meta":{"neve_meta_sidebar":"","neve_meta_container":"","neve_meta_enable_content_width":"","neve_meta_content_width":0,"neve_meta_title_alignment":"","neve_meta_author_avatar":"","neve_post_elements_order":"","neve_meta_disable_header":"","neve_meta_disable_footer":"","neve_meta_disable_title":"","_themeisle_gutenberg_block_has_review":false,"footnotes":""},"class_list":["post-933","page","type-page","status-publish","hentry"],"_links":{"self":[{"href":"https:\/\/sgueberruhr.de\/index.php?rest_route=\/wp\/v2\/pages\/933","targetHints":{"allow":["GET"]}}],"collection":[{"href":"https:\/\/sgueberruhr.de\/index.php?rest_route=\/wp\/v2\/pages"}],"about":[{"href":"https:\/\/sgueberruhr.de\/index.php?rest_route=\/wp\/v2\/types\/page"}],"author":[{"embeddable":true,"href":"https:\/\/sgueberruhr.de\/index.php?rest_route=\/wp\/v2\/users\/1"}],"replies":[{"embeddable":true,"href":"https:\/\/sgueberruhr.de\/index.php?rest_route=%2Fwp%2Fv2%2Fcomments&post=933"}],"version-history":[{"count":13,"href":"https:\/\/sgueberruhr.de\/index.php?rest_route=\/wp\/v2\/pages\/933\/revisions"}],"predecessor-version":[{"id":1361,"href":"https:\/\/sgueberruhr.de\/index.php?rest_route=\/wp\/v2\/pages\/933\/revisions\/1361"}],"wp:attachment":[{"href":"https:\/\/sgueberruhr.de\/index.php?rest_route=%2Fwp%2Fv2%2Fmedia&parent=933"}],"curies":[{"name":"wp","href":"https:\/\/api.w.org\/{rel}","templated":true}]}}